{"id":900,"date":"2024-03-15T11:30:15","date_gmt":"2024-03-15T11:30:15","guid":{"rendered":"https:\/\/hissforbundet.acrowd.se\/?page_id=900"},"modified":"2026-02-18T16:18:07","modified_gmt":"2026-02-18T14:18:07","slug":"fokusomraden","status":"publish","type":"page","link":"https:\/\/www.hissforbundet.se\/en\/fokusomraden\/","title":{"rendered":"Our questions"},"content":{"rendered":"<section  class=\"tebab-block-hero alignfull\" style=\"--heading-color: #ffffff;\">\n\n    <img loading=\"lazy\" decoding=\"async\" width=\"1000\" height=\"667\" src=\"https:\/\/www.hissforbundet.se\/wp-content\/uploads\/2024\/02\/shutterstock_1695997336.jpg\" class=\"attachment-landscape size-landscape\" alt=\"\" srcset=\"https:\/\/www.hissforbundet.se\/wp-content\/uploads\/2024\/02\/shutterstock_1695997336.jpg 1000w, https:\/\/www.hissforbundet.se\/wp-content\/uploads\/2024\/02\/shutterstock_1695997336-300x200.jpg 300w, https:\/\/www.hissforbundet.se\/wp-content\/uploads\/2024\/02\/shutterstock_1695997336-768x512.jpg 768w\" sizes=\"(max-width: 1000px) 100vw, 1000px\" \/>\n    <div class=\"contained\">\n                <h1 class=\"tebab-block-hero__heading\">\n            The Elevator Association&#039;s activities focus on four areas.        <\/h1>\n\n                    <div class=\"tebab-block-hero__buttons\">\n                                    <a href=\"https:\/\/www.hissforbundet.se\/en\/fokusomraden\/sakerhet\/\" class=\"button primary\" target=\"\" rel=\"noreferrer\">Security<\/a>\n                                    <a href=\"https:\/\/www.hissforbundet.se\/en\/fokusomraden\/teknik\/\" class=\"button primary\" target=\"\" rel=\"noreferrer\">Technique<\/a>\n                                    <a href=\"https:\/\/www.hissforbundet.se\/en\/fokusomraden\/tillganglighet\/\" class=\"button primary\" target=\"\" rel=\"noreferrer\">Availability<\/a>\n                                    <a href=\"https:\/\/www.hissforbundet.se\/en\/fokusomraden\/kompetensforsorjning\/\" class=\"button primary\" target=\"\" rel=\"noreferrer\">Skills supply<\/a>\n                            <\/div>\n            <\/div>\n<\/section>\n\n\n<div style=\"height:var(--wp--preset--spacing--80)\" aria-hidden=\"true\" class=\"wp-block-spacer\"><\/div>\n\n\n\n<div class=\"wp-block-columns alignwide is-layout-flex wp-container-core-columns-is-layout-1 wp-block-columns-is-layout-flex\">\n<div class=\"wp-block-column is-layout-flow wp-block-column-is-layout-flow\" style=\"flex-basis:100%\">\n<div class=\"wp-block-group is-layout-constrained wp-block-group-is-layout-constrained\">\n<h2 class=\"wp-block-heading has-large-font-size\"><strong>Safety is the Swedish Elevator Association&#039;s absolute highest priority issue. <\/strong><\/h2>\n<\/div>\n<\/div>\n\n\n\n<div class=\"wp-block-column is-layout-flow wp-block-column-is-layout-flow\" style=\"flex-basis:100%\">\n<div class=\"wp-block-group is-layout-constrained wp-block-group-is-layout-constrained\">\n<p>Safety for those who use elevators and escalators, but also for those who have elevators and escalators as part of their work environment, is the Swedish Elevator Association&#039;s highest priority. Together with our member companies, we are actively working to raise the level of safety when using and working with elevators and escalators. In addition, technical issues, as well as skills provision and further training, are issues of utmost importance to us and our member companies.<\/p>\n<\/div>\n<\/div>\n<\/div>\n\n\n\n<div style=\"height:46px\" aria-hidden=\"true\" class=\"wp-block-spacer\"><\/div>\n\n\n<section  class=\"tebab-block-posts_carousel alignwide type-focus_area\">\n            <h2>Our questions<\/h2>\n    \n            <div class=\"carousel-wrapper\">\n                                            <div class=\"focus-area-card\">\n    \n            <div class=\"featured_image\">\n            <img loading=\"lazy\" decoding=\"async\" width=\"300\" height=\"200\" src=\"https:\/\/www.hissforbundet.se\/wp-content\/uploads\/2024\/02\/653a4e490a8a4d1f12b65d96_fotograf-maja-brand-bredda-bilden-teknikforetagen-12-300x200.jpg\" class=\"attachment-medium size-medium\" alt=\"\" srcset=\"https:\/\/www.hissforbundet.se\/wp-content\/uploads\/2024\/02\/653a4e490a8a4d1f12b65d96_fotograf-maja-brand-bredda-bilden-teknikforetagen-12-300x200.jpg 300w, https:\/\/www.hissforbundet.se\/wp-content\/uploads\/2024\/02\/653a4e490a8a4d1f12b65d96_fotograf-maja-brand-bredda-bilden-teknikforetagen-12-1024x683.jpg 1024w, https:\/\/www.hissforbundet.se\/wp-content\/uploads\/2024\/02\/653a4e490a8a4d1f12b65d96_fotograf-maja-brand-bredda-bilden-teknikforetagen-12-768x512.jpg 768w, https:\/\/www.hissforbundet.se\/wp-content\/uploads\/2024\/02\/653a4e490a8a4d1f12b65d96_fotograf-maja-brand-bredda-bilden-teknikforetagen-12-1536x1024.jpg 1536w, https:\/\/www.hissforbundet.se\/wp-content\/uploads\/2024\/02\/653a4e490a8a4d1f12b65d96_fotograf-maja-brand-bredda-bilden-teknikforetagen-12-2048x1365.jpg 2048w, https:\/\/www.hissforbundet.se\/wp-content\/uploads\/2024\/02\/653a4e490a8a4d1f12b65d96_fotograf-maja-brand-bredda-bilden-teknikforetagen-12-1620x1080.jpg 1620w\" sizes=\"(max-width: 300px) 100vw, 300px\" \/>        <\/div>\n    \n    <div class=\"content-wrapper\">\n        <h3><a tabindex=\"-1\" href=\"https:\/\/www.hissforbundet.se\/en\/fokusomraden\/kompetensforsorjning\/\">Skills supply<\/a><\/h3>\n\n        \n        <a class=\"read-more\" href=\"https:\/\/www.hissforbundet.se\/en\/fokusomraden\/kompetensforsorjning\/\">Read more<span class=\"screenreader\"> about Skills Supply<\/span><div class=\"icon-chevron-right\"><\/div><\/a>\n    <\/div>\n<\/div>                                            <div class=\"focus-area-card\">\n    \n            <div class=\"featured_image\">\n            <img loading=\"lazy\" decoding=\"async\" width=\"300\" height=\"200\" src=\"https:\/\/www.hissforbundet.se\/wp-content\/uploads\/2023\/10\/shutterstock_1979883002-300x200.jpg\" class=\"attachment-medium size-medium\" alt=\"\" srcset=\"https:\/\/www.hissforbundet.se\/wp-content\/uploads\/2023\/10\/shutterstock_1979883002-300x200.jpg 300w, https:\/\/www.hissforbundet.se\/wp-content\/uploads\/2023\/10\/shutterstock_1979883002-768x512.jpg 768w, https:\/\/www.hissforbundet.se\/wp-content\/uploads\/2023\/10\/shutterstock_1979883002.jpg 1000w\" sizes=\"(max-width: 300px) 100vw, 300px\" \/>        <\/div>\n    \n    <div class=\"content-wrapper\">\n        <h3><a tabindex=\"-1\" href=\"https:\/\/www.hissforbundet.se\/en\/fokusomraden\/teknik\/\">Technique<\/a><\/h3>\n\n        \n        <a class=\"read-more\" href=\"https:\/\/www.hissforbundet.se\/en\/fokusomraden\/teknik\/\">Read more<span class=\"screenreader\"> about Technology<\/span><div class=\"icon-chevron-right\"><\/div><\/a>\n    <\/div>\n<\/div>                                            <div class=\"focus-area-card\">\n    \n            <div class=\"featured_image\">\n            <img loading=\"lazy\" decoding=\"async\" width=\"300\" height=\"200\" src=\"https:\/\/www.hissforbundet.se\/wp-content\/uploads\/2024\/02\/shutterstock_520195924-300x200.png\" class=\"attachment-medium size-medium\" alt=\"\" srcset=\"https:\/\/www.hissforbundet.se\/wp-content\/uploads\/2024\/02\/shutterstock_520195924-300x200.png 300w, https:\/\/www.hissforbundet.se\/wp-content\/uploads\/2024\/02\/shutterstock_520195924-768x513.png 768w, https:\/\/www.hissforbundet.se\/wp-content\/uploads\/2024\/02\/shutterstock_520195924.png 1000w\" sizes=\"(max-width: 300px) 100vw, 300px\" \/>        <\/div>\n    \n    <div class=\"content-wrapper\">\n        <h3><a tabindex=\"-1\" href=\"https:\/\/www.hissforbundet.se\/en\/fokusomraden\/sakerhet\/\">Security<\/a><\/h3>\n\n        \n        <a class=\"read-more\" href=\"https:\/\/www.hissforbundet.se\/en\/fokusomraden\/sakerhet\/\">Read more<span class=\"screenreader\"> about Security<\/span><div class=\"icon-chevron-right\"><\/div><\/a>\n    <\/div>\n<\/div>                                            <div class=\"focus-area-card\">\n    \n            <div class=\"featured_image\">\n            <img loading=\"lazy\" decoding=\"async\" width=\"300\" height=\"118\" src=\"https:\/\/www.hissforbundet.se\/wp-content\/uploads\/2025\/04\/gustaf-von-zeipel-czK2Yj1LUbI-unsplash-300x118.jpg\" class=\"attachment-medium size-medium\" alt=\"\" srcset=\"https:\/\/www.hissforbundet.se\/wp-content\/uploads\/2025\/04\/gustaf-von-zeipel-czK2Yj1LUbI-unsplash-300x118.jpg 300w, https:\/\/www.hissforbundet.se\/wp-content\/uploads\/2025\/04\/gustaf-von-zeipel-czK2Yj1LUbI-unsplash-768x301.jpg 768w, https:\/\/www.hissforbundet.se\/wp-content\/uploads\/2025\/04\/gustaf-von-zeipel-czK2Yj1LUbI-unsplash.jpg 1000w\" sizes=\"(max-width: 300px) 100vw, 300px\" \/>        <\/div>\n    \n    <div class=\"content-wrapper\">\n        <h3><a tabindex=\"-1\" href=\"https:\/\/www.hissforbundet.se\/en\/fokusomraden\/tillganglighet\/\">Availability<\/a><\/h3>\n\n        \n        <a class=\"read-more\" href=\"https:\/\/www.hissforbundet.se\/en\/fokusomraden\/tillganglighet\/\">Read more<span class=\"screenreader\"> about Accessibility<\/span><div class=\"icon-chevron-right\"><\/div><\/a>\n    <\/div>\n<\/div>                                <\/div>\n    \n<\/section>\n\n\n<div style=\"height:var(--wp--preset--spacing--80)\" aria-hidden=\"true\" class=\"wp-block-spacer\"><\/div>","protected":false},"excerpt":{"rendered":"<p>S\u00e4kerhet \u00e4r Hissf\u00f6rbundets absolut mest prioriterade fr\u00e5ga. S\u00e4kerheten f\u00f6r dig som anv\u00e4nder hissar och rulltrappor, men ocks\u00e5 f\u00f6r dig som har hissar och rulltrappor som en del av din arbetsmilj\u00f6, \u00e4r Hissf\u00f6rbundets mest prioriterade fr\u00e5ga. Tillsammans med v\u00e5ra medlemsf\u00f6retag arbetar vi aktivt med att h\u00f6ja s\u00e4kerhetsniv\u00e5n vid anv\u00e4ndning och arbete med hissar och rulltrappor. D\u00e4rtill [&hellip;]<\/p>","protected":false},"author":1,"featured_media":0,"parent":0,"menu_order":0,"comment_status":"closed","ping_status":"closed","template":"","meta":{"footnotes":""},"acf":[],"yoast_head":"<!-- This site is optimized with the Yoast SEO plugin v22.7 - https:\/\/yoast.com\/wordpress\/plugins\/seo\/ -->\n<title>V\u00e5ra fr\u00e5gor - Hissf\u00f6rbundet<\/title>\n<meta name=\"robots\" content=\"index, follow, max-snippet:-1, max-image-preview:large, max-video-preview:-1\" \/>\n<link rel=\"canonical\" href=\"https:\/\/www.hissforbundet.se\/en\/fokusomraden\/\" \/>\n<meta property=\"og:locale\" content=\"en_US\" \/>\n<meta property=\"og:type\" content=\"article\" \/>\n<meta property=\"og:title\" content=\"V\u00e5ra fr\u00e5gor - Hissf\u00f6rbundet\" \/>\n<meta property=\"og:description\" content=\"S\u00e4kerhet \u00e4r Hissf\u00f6rbundets absolut mest prioriterade fr\u00e5ga. S\u00e4kerheten f\u00f6r dig som anv\u00e4nder hissar och rulltrappor, men ocks\u00e5 f\u00f6r dig som har hissar och rulltrappor som en del av din arbetsmilj\u00f6, \u00e4r Hissf\u00f6rbundets mest prioriterade fr\u00e5ga. Tillsammans med v\u00e5ra medlemsf\u00f6retag arbetar vi aktivt med att h\u00f6ja s\u00e4kerhetsniv\u00e5n vid anv\u00e4ndning och arbete med hissar och rulltrappor. D\u00e4rtill [&hellip;]\" \/>\n<meta property=\"og:url\" content=\"https:\/\/www.hissforbundet.se\/en\/fokusomraden\/\" \/>\n<meta property=\"og:site_name\" content=\"Hissf\u00f6rbundet\" \/>\n<meta property=\"article:modified_time\" content=\"2026-02-18T14:18:07+00:00\" \/>\n<meta name=\"twitter:card\" content=\"summary_large_image\" \/>\n<meta name=\"twitter:label1\" content=\"Est. reading time\" \/>\n\t<meta name=\"twitter:data1\" content=\"1 minute\" \/>\n<script type=\"application\/ld+json\" class=\"yoast-schema-graph\">{\"@context\":\"https:\/\/schema.org\",\"@graph\":[{\"@type\":\"WebPage\",\"@id\":\"https:\/\/www.hissforbundet.se\/fokusomraden\/\",\"url\":\"https:\/\/www.hissforbundet.se\/fokusomraden\/\",\"name\":\"V\u00e5ra fr\u00e5gor - Hissf\u00f6rbundet\",\"isPartOf\":{\"@id\":\"https:\/\/www.hissforbundet.se\/#website\"},\"datePublished\":\"2024-03-15T11:30:15+00:00\",\"dateModified\":\"2026-02-18T14:18:07+00:00\",\"breadcrumb\":{\"@id\":\"https:\/\/www.hissforbundet.se\/fokusomraden\/#breadcrumb\"},\"inLanguage\":\"en-US\",\"potentialAction\":[{\"@type\":\"ReadAction\",\"target\":[\"https:\/\/www.hissforbundet.se\/fokusomraden\/\"]}]},{\"@type\":\"BreadcrumbList\",\"@id\":\"https:\/\/www.hissforbundet.se\/fokusomraden\/#breadcrumb\",\"itemListElement\":[{\"@type\":\"ListItem\",\"position\":1,\"name\":\"Home\",\"item\":\"https:\/\/www.hissforbundet.se\/\"},{\"@type\":\"ListItem\",\"position\":2,\"name\":\"V\u00e5ra fr\u00e5gor\"}]},{\"@type\":\"WebSite\",\"@id\":\"https:\/\/www.hissforbundet.se\/#website\",\"url\":\"https:\/\/www.hissforbundet.se\/\",\"name\":\"Hissf\u00f6rbundet\",\"description\":\"H\u00f6jd s\u00e4kerhet och \u00f6kad levnadsstandard\",\"publisher\":{\"@id\":\"https:\/\/www.hissforbundet.se\/#organization\"},\"potentialAction\":[{\"@type\":\"SearchAction\",\"target\":{\"@type\":\"EntryPoint\",\"urlTemplate\":\"https:\/\/www.hissforbundet.se\/?s={search_term_string}\"},\"query-input\":\"required name=search_term_string\"}],\"inLanguage\":\"en-US\"},{\"@type\":\"Organization\",\"@id\":\"https:\/\/www.hissforbundet.se\/#organization\",\"name\":\"Hissf\u00f6rbundet\",\"url\":\"https:\/\/www.hissforbundet.se\/\",\"logo\":{\"@type\":\"ImageObject\",\"inLanguage\":\"en-US\",\"@id\":\"https:\/\/www.hissforbundet.se\/#\/schema\/logo\/image\/\",\"url\":\"https:\/\/www.hissforbundet.se\/wp-content\/uploads\/2023\/11\/Hissforbundet-logotyp.png\",\"contentUrl\":\"https:\/\/www.hissforbundet.se\/wp-content\/uploads\/2023\/11\/Hissforbundet-logotyp.png\",\"width\":3543,\"height\":469,\"caption\":\"Hissf\u00f6rbundet\"},\"image\":{\"@id\":\"https:\/\/www.hissforbundet.se\/#\/schema\/logo\/image\/\"}}]}<\/script>\n<!-- \/ Yoast SEO plugin. -->","yoast_head_json":{"title":"V\u00e5ra fr\u00e5gor - Hissf\u00f6rbundet","robots":{"index":"index","follow":"follow","max-snippet":"max-snippet:-1","max-image-preview":"max-image-preview:large","max-video-preview":"max-video-preview:-1"},"canonical":"https:\/\/www.hissforbundet.se\/en\/fokusomraden\/","og_locale":"en_US","og_type":"article","og_title":"V\u00e5ra fr\u00e5gor - Hissf\u00f6rbundet","og_description":"S\u00e4kerhet \u00e4r Hissf\u00f6rbundets absolut mest prioriterade fr\u00e5ga. S\u00e4kerheten f\u00f6r dig som anv\u00e4nder hissar och rulltrappor, men ocks\u00e5 f\u00f6r dig som har hissar och rulltrappor som en del av din arbetsmilj\u00f6, \u00e4r Hissf\u00f6rbundets mest prioriterade fr\u00e5ga. Tillsammans med v\u00e5ra medlemsf\u00f6retag arbetar vi aktivt med att h\u00f6ja s\u00e4kerhetsniv\u00e5n vid anv\u00e4ndning och arbete med hissar och rulltrappor. D\u00e4rtill [&hellip;]","og_url":"https:\/\/www.hissforbundet.se\/en\/fokusomraden\/","og_site_name":"Hissf\u00f6rbundet","article_modified_time":"2026-02-18T14:18:07+00:00","twitter_card":"summary_large_image","twitter_misc":{"Est. reading time":"1 minute"},"schema":{"@context":"https:\/\/schema.org","@graph":[{"@type":"WebPage","@id":"https:\/\/www.hissforbundet.se\/fokusomraden\/","url":"https:\/\/www.hissforbundet.se\/fokusomraden\/","name":"V\u00e5ra fr\u00e5gor - Hissf\u00f6rbundet","isPartOf":{"@id":"https:\/\/www.hissforbundet.se\/#website"},"datePublished":"2024-03-15T11:30:15+00:00","dateModified":"2026-02-18T14:18:07+00:00","breadcrumb":{"@id":"https:\/\/www.hissforbundet.se\/fokusomraden\/#breadcrumb"},"inLanguage":"en-US","potentialAction":[{"@type":"ReadAction","target":["https:\/\/www.hissforbundet.se\/fokusomraden\/"]}]},{"@type":"BreadcrumbList","@id":"https:\/\/www.hissforbundet.se\/fokusomraden\/#breadcrumb","itemListElement":[{"@type":"ListItem","position":1,"name":"Home","item":"https:\/\/www.hissforbundet.se\/"},{"@type":"ListItem","position":2,"name":"V\u00e5ra fr\u00e5gor"}]},{"@type":"WebSite","@id":"https:\/\/www.hissforbundet.se\/#website","url":"https:\/\/www.hissforbundet.se\/","name":"The Elevator Association","description":"Increased security and increased standard of living","publisher":{"@id":"https:\/\/www.hissforbundet.se\/#organization"},"potentialAction":[{"@type":"SearchAction","target":{"@type":"EntryPoint","urlTemplate":"https:\/\/www.hissforbundet.se\/?s={search_term_string}"},"query-input":"required name=search_term_string"}],"inLanguage":"en-US"},{"@type":"Organization","@id":"https:\/\/www.hissforbundet.se\/#organization","name":"The Elevator Association","url":"https:\/\/www.hissforbundet.se\/","logo":{"@type":"ImageObject","inLanguage":"en-US","@id":"https:\/\/www.hissforbundet.se\/#\/schema\/logo\/image\/","url":"https:\/\/www.hissforbundet.se\/wp-content\/uploads\/2023\/11\/Hissforbundet-logotyp.png","contentUrl":"https:\/\/www.hissforbundet.se\/wp-content\/uploads\/2023\/11\/Hissforbundet-logotyp.png","width":3543,"height":469,"caption":"Hissf\u00f6rbundet"},"image":{"@id":"https:\/\/www.hissforbundet.se\/#\/schema\/logo\/image\/"}}]}},"_links":{"self":[{"href":"https:\/\/www.hissforbundet.se\/en\/wp-json\/wp\/v2\/pages\/900"}],"collection":[{"href":"https:\/\/www.hissforbundet.se\/en\/wp-json\/wp\/v2\/pages"}],"about":[{"href":"https:\/\/www.hissforbundet.se\/en\/wp-json\/wp\/v2\/types\/page"}],"author":[{"embeddable":true,"href":"https:\/\/www.hissforbundet.se\/en\/wp-json\/wp\/v2\/users\/1"}],"replies":[{"embeddable":true,"href":"https:\/\/www.hissforbundet.se\/en\/wp-json\/wp\/v2\/comments?post=900"}],"version-history":[{"count":39,"href":"https:\/\/www.hissforbundet.se\/en\/wp-json\/wp\/v2\/pages\/900\/revisions"}],"predecessor-version":[{"id":2588,"href":"https:\/\/www.hissforbundet.se\/en\/wp-json\/wp\/v2\/pages\/900\/revisions\/2588"}],"wp:attachment":[{"href":"https:\/\/www.hissforbundet.se\/en\/wp-json\/wp\/v2\/media?parent=900"}],"curies":[{"name":"wp","href":"https:\/\/api.w.org\/{rel}","templated":true}]}}