{"id":730,"date":"2024-02-14T13:42:14","date_gmt":"2024-02-14T13:42:14","guid":{"rendered":"https:\/\/hissforbundet.acrowd.se\/?page_id=730"},"modified":"2025-11-24T17:30:24","modified_gmt":"2025-11-24T15:30:24","slug":"medlemssidor","status":"publish","type":"page","link":"https:\/\/www.hissforbundet.se\/en\/medlemssidor\/","title":{"rendered":"For members"},"content":{"rendered":"<section  class=\"tebab-block-hero alignfull\" style=\"--heading-color: #4b8441;\">\n\n    <img loading=\"lazy\" decoding=\"async\" width=\"1000\" height=\"667\" src=\"https:\/\/www.hissforbundet.se\/wp-content\/uploads\/2024\/03\/shutterstock_1979883002-2.png\" class=\"attachment-landscape size-landscape\" alt=\"\" srcset=\"https:\/\/www.hissforbundet.se\/wp-content\/uploads\/2024\/03\/shutterstock_1979883002-2.png 1000w, https:\/\/www.hissforbundet.se\/wp-content\/uploads\/2024\/03\/shutterstock_1979883002-2-300x200.png 300w, https:\/\/www.hissforbundet.se\/wp-content\/uploads\/2024\/03\/shutterstock_1979883002-2-768x512.png 768w\" sizes=\"(max-width: 1000px) 100vw, 1000px\" \/>\n    <div class=\"contained\">\n                <h1 class=\"tebab-block-hero__heading\">\n            For the elevator and escalator industry        <\/h1>\n\n                    <div class=\"tebab-block-hero__buttons\">\n                                    <a href=\"https:\/\/www.hissforbundet.se\/en\/fokusomraden\/teknik\/\" class=\"button primary\" target=\"\" rel=\"noreferrer\">Focus area technology<\/a>\n                            <\/div>\n            <\/div>\n<\/section>\n\n\n<div style=\"height:100px\" aria-hidden=\"true\" class=\"wp-block-spacer\"><\/div>\n\n\n\n<div class=\"wp-block-columns alignwide is-layout-flex wp-container-core-columns-is-layout-1 wp-block-columns-is-layout-flex\">\n<div class=\"wp-block-column is-layout-flow wp-block-column-is-layout-flow\" style=\"flex-basis:100%\">\n<div class=\"wp-block-group is-layout-constrained wp-block-group-is-layout-constrained\">\n<h1 class=\"wp-block-heading has-large-font-size\"><strong>\u201dWelcome to an industry with cohesion<\/strong>!<\/h1>\n<\/div>\n<\/div>\n\n\n\n<div class=\"wp-block-column is-layout-flow wp-block-column-is-layout-flow\" style=\"flex-basis:100%\">\n<div class=\"wp-block-group is-layout-constrained wp-block-group-is-layout-constrained\">\n<p><strong>The Swedish Elevator Association has been the Swedish trade association for companies that manufacture, install and maintain elevators and escalators since 1992. The member companies represent over 80% of the Swedish industry.<\/strong><\/p>\n\n\n\n<p>Here you will find information about regulations, statistics and safety for those working in the elevator and escalator industry.<\/p>\n\n\n\n<h2 class=\"wp-block-heading\">The important knowledge sharing<\/h2>\n\n\n\n<p>Knowledge sharing is important for several reasons. Together we can ensure continuous improvement in the safety, efficiency and reliability of elevators and escalators. As a member company, you are encouraged to report accidents and incidents on an ongoing basis and at least once a year via INSTA500. Knowledge sharing within the industry takes place within the framework of the Technology and Safety Committee.<\/p>\n<\/div>\n<\/div>\n<\/div>\n\n\n\n<div style=\"height:100px\" aria-hidden=\"true\" class=\"wp-block-spacer\"><\/div>\n\n\n<section  class=\"tebab-block-split_screen alignfull image_alignment-left\">\n    <div class=\"contained\">\n        <div class=\"tebab-block-split_screen__image-wrapper\">\n            <img loading=\"lazy\" decoding=\"async\" width=\"1000\" height=\"667\" src=\"https:\/\/www.hissforbundet.se\/wp-content\/uploads\/2024\/02\/shutterstock_1448467451.jpg\" class=\"attachment-landscape size-landscape\" alt=\"\" srcset=\"https:\/\/www.hissforbundet.se\/wp-content\/uploads\/2024\/02\/shutterstock_1448467451.jpg 1000w, https:\/\/www.hissforbundet.se\/wp-content\/uploads\/2024\/02\/shutterstock_1448467451-300x200.jpg 300w, https:\/\/www.hissforbundet.se\/wp-content\/uploads\/2024\/02\/shutterstock_1448467451-768x512.jpg 768w\" sizes=\"(max-width: 1000px) 100vw, 1000px\" \/>        <\/div>\n\n        <div class=\"tebab-block-split_screen__content-wrapper\">\n            <h1><b>Safety with the European Lift Association<\/b><\/h1>\n<p>To promote safety in the lift industry in Europe, the European Lift Association, ELA, has produced the safety brochure \u201cBasic safety principles for lifts\u201d including comprehensive working material for companies\u2019 safety work. The material is complemented by a film on lift safety.<\/p>\n<p>&nbsp;<\/p>\n\n                            <div class=\"tebab-block-split_screen__buttons\">\n                                            <a href=\"https:\/\/www.hissforbundet.se\/en\/dokument\/grundlaggande-sakerhetsprinciper-for-hissar\/\" class=\"button primary\" target=\"1\" rel=\"noreferrer\">Basic safety principles for elevators<\/a>\n                                            <a href=\"https:\/\/www.hissforbundet.se\/en\/dokument\/arbetsmaterial-for-foretagens-sakerhetsarbete\/\" class=\"button outlined\" target=\"1\" rel=\"noreferrer\">Work materials for safety work<\/a>\n                                            <a href=\"https:\/\/youtu.be\/HdYD4l0-7jA\" class=\"button styled\" target=\"1\" rel=\"noreferrer\">Watch a movie<\/a>\n                                    <\/div>\n            \n        <\/div>\n    <\/div>\n<\/section>\n\n\n<div style=\"height:100px\" aria-hidden=\"true\" class=\"wp-block-spacer\"><\/div>\n\n\n<section  class=\"tebab-block-file_list\">\n    \n            <h2>Regulations &amp; guidelines<\/h2>\n    \n            <div class=\"file-list\">\n                                                            <a href=\"https:\/\/www.hissforbundet.se\/en\/2024\/05\/14\/regelverk\/\" target=\"_blank\" class=\"styled-button\">\n                    <span>Legal requirements in the area<\/span>\n                    <div class=\"icon-wrapper\">\n                        <div class=\"icon-external\"><\/div>\n                    <\/div>\n                <\/a>\n                                                            <a href=\"https:\/\/www.hissforbundet.se\/en\/dokument\/ansvar-och-befogenhet-i-arbetsmiljon\/\" target=\"_blank\" class=\"styled-button\">\n                    <span>Responsibility and authority in the work environment<\/span>\n                    <div class=\"icon-wrapper\">\n                        <div class=\"icon-external\"><\/div>\n                    <\/div>\n                <\/a>\n                                                            <a href=\"https:\/\/www.hissforbundet.se\/en\/dokument\/sakra-arbetsforhallanden-vid-hissentreprenader\/\" target=\"_blank\" class=\"styled-button\">\n                    <span>Safe working conditions during elevator contracts<\/span>\n                    <div class=\"icon-wrapper\">\n                        <div class=\"icon-external\"><\/div>\n                    <\/div>\n                <\/a>\n                                                            <a href=\"https:\/\/europa.eu\/youreurope\/business\/product-requirements\/labels-markings\/ce-marking\/index_sv.htm\" target=\"_blank\" class=\"styled-button\">\n                    <span>CE marking<\/span>\n                    <div class=\"icon-wrapper\">\n                        <div class=\"icon-external\"><\/div>\n                    <\/div>\n                <\/a>\n                                                            <a href=\"https:\/\/www.sis.se\/standardutveckling\/tksidor\/tk200299\/sistk211\/\" target=\"_blank\" class=\"styled-button\">\n                    <span>Standardization, SIS\/TK 211 Elevators and escalators<\/span>\n                    <div class=\"icon-wrapper\">\n                        <div class=\"icon-external\"><\/div>\n                    <\/div>\n                <\/a>\n                    <\/div>\n    \n<\/section>\n\n\n<div style=\"height:100px\" aria-hidden=\"true\" class=\"wp-block-spacer\"><\/div>\n\n\n<section  class=\"tebab-block-file_list\">\n    \n            <h2>Useful links<\/h2>\n    \n            <div class=\"file-list\">\n                                                            <a href=\"https:\/\/www.av.se\/\" target=\"_blank\" class=\"styled-button\">\n                    <span>Swedish Work Environment Authority<\/span>\n                    <div class=\"icon-wrapper\">\n                        <div class=\"icon-external\"><\/div>\n                    <\/div>\n                <\/a>\n                                                            <a href=\"https:\/\/www.boverket.se\/sv\/\" target=\"_blank\" class=\"styled-button\">\n                    <span>National Board of Housing, Building and Urban Development<\/span>\n                    <div class=\"icon-wrapper\">\n                        <div class=\"icon-external\"><\/div>\n                    <\/div>\n                <\/a>\n                    <\/div>\n    \n<\/section>\n\n\n<div style=\"height:100px\" aria-hidden=\"true\" class=\"wp-block-spacer\"><\/div>\n\n\n<section  class=\"tebab-block-split_screen alignfull image_alignment-left\">\n    <div class=\"contained\">\n        <div class=\"tebab-block-split_screen__image-wrapper\">\n            <img loading=\"lazy\" decoding=\"async\" width=\"1000\" height=\"667\" src=\"https:\/\/www.hissforbundet.se\/wp-content\/uploads\/2024\/03\/shutterstock_439214011.jpg\" class=\"attachment-landscape size-landscape\" alt=\"\" srcset=\"https:\/\/www.hissforbundet.se\/wp-content\/uploads\/2024\/03\/shutterstock_439214011.jpg 1000w, https:\/\/www.hissforbundet.se\/wp-content\/uploads\/2024\/03\/shutterstock_439214011-300x200.jpg 300w, https:\/\/www.hissforbundet.se\/wp-content\/uploads\/2024\/03\/shutterstock_439214011-768x512.jpg 768w\" sizes=\"(max-width: 1000px) 100vw, 1000px\" \/>        <\/div>\n\n        <div class=\"tebab-block-split_screen__content-wrapper\">\n            <h1><strong>Skills development \u2013 the importance of learning through professional life<\/strong><\/h1>\n<p><strong>The Swedish Elevator Association arranges courses and training to support the employees of member companies in their skills development. Examples of recurring training:<\/strong><\/p>\n<p><strong>Safety First<\/strong>\u00a0for supervisors who can pass on the knowledge within their companies and go through the risks involved in working with elevators and escalators. Participants also gain knowledge about safe working methods, the responsibilities of supervisors and how good work is ensured through, for example, risk assessment, training and safety rounds.<\/p>\n<p><strong>Construction law<\/strong>\u00a0for everyone in the construction sector who needs basic knowledge of construction law and provides course participants with basic construction law knowledge to be able to monitor your company&#039;s rights and obligations.<\/p>\n<p><strong>Fire protection and elevators<\/strong>\u00a0for people working in the elevator industry who want to update themselves on fire safety requirements. The course aims to improve the design and construction control of modernized elevators and improve the participants&#039; understanding of fire safety.<\/p>\n<p><strong>BAS training<\/strong>\u00a0which is aimed at those who will be construction work environment coordinators (BAS). Participants will gain the knowledge required to work as a BAS in a construction and civil engineering project, along with an understanding of the construction process and knowledge of work environment issues and risk assessment.<\/p>\n<p><strong>Working in vulnerable areas<\/strong>\u00a0for elevator technicians, supervisors, inspectors or similar who are affected by the problem of working with insecurity in vulnerable areas.<\/p>\n<p><strong>Do you have any suggestions for training?<\/strong><\/p>\n\n                            <div class=\"tebab-block-split_screen__buttons\">\n                                            <a href=\"mailto:kansliet@hissforbundet.se\" class=\"button styled\" target=\"\" rel=\"noreferrer\">Expression of interest<\/a>\n                                    <\/div>\n            \n        <\/div>\n    <\/div>\n<\/section>\n\n\n<div style=\"height:100px\" aria-hidden=\"true\" class=\"wp-block-spacer\"><\/div>","protected":false},"excerpt":{"rendered":"<p>&#8221;V\u00e4lkommen till en bransch med sammanh\u00e5llning! Hissf\u00f6rbundet \u00e4r sedan 1992 den svenska branschf\u00f6reningen f\u00f6r f\u00f6retag som tillverkar, monterar och underh\u00e5ller hissar och rulltrappor. Medlemsf\u00f6retagen representerar \u00f6ver 80% av den svenska branschen. H\u00e4r hittar du som \u00e4r verksam inom hiss- och rulltrappsbranschen information om regelverk, statistik och s\u00e4kerhet. Den viktiga kunskapsdelningen Kunskapsdelning \u00e4r viktigt av flera [&hellip;]<\/p>","protected":false},"author":1,"featured_media":0,"parent":0,"menu_order":0,"comment_status":"closed","ping_status":"closed","template":"","meta":{"footnotes":""},"acf":[],"yoast_head":"<!-- This site is optimized with the Yoast SEO plugin v22.7 - https:\/\/yoast.com\/wordpress\/plugins\/seo\/ -->\n<title>F\u00f6r medlemmar - Hissf\u00f6rbundet<\/title>\n<meta name=\"robots\" content=\"index, follow, max-snippet:-1, max-image-preview:large, max-video-preview:-1\" \/>\n<link rel=\"canonical\" href=\"https:\/\/www.hissforbundet.se\/en\/medlemssidor\/\" \/>\n<meta property=\"og:locale\" content=\"en_US\" \/>\n<meta property=\"og:type\" content=\"article\" \/>\n<meta property=\"og:title\" content=\"F\u00f6r medlemmar - Hissf\u00f6rbundet\" \/>\n<meta property=\"og:description\" content=\"&#8221;V\u00e4lkommen till en bransch med sammanh\u00e5llning! Hissf\u00f6rbundet \u00e4r sedan 1992 den svenska branschf\u00f6reningen f\u00f6r f\u00f6retag som tillverkar, monterar och underh\u00e5ller hissar och rulltrappor. Medlemsf\u00f6retagen representerar \u00f6ver 80% av den svenska branschen. H\u00e4r hittar du som \u00e4r verksam inom hiss- och rulltrappsbranschen information om regelverk, statistik och s\u00e4kerhet. Den viktiga kunskapsdelningen Kunskapsdelning \u00e4r viktigt av flera [&hellip;]\" \/>\n<meta property=\"og:url\" content=\"https:\/\/www.hissforbundet.se\/en\/medlemssidor\/\" \/>\n<meta property=\"og:site_name\" content=\"Hissf\u00f6rbundet\" \/>\n<meta property=\"article:modified_time\" content=\"2025-11-24T15:30:24+00:00\" \/>\n<meta name=\"twitter:card\" content=\"summary_large_image\" \/>\n<meta name=\"twitter:label1\" content=\"Est. reading time\" \/>\n\t<meta name=\"twitter:data1\" content=\"1 minute\" \/>\n<script type=\"application\/ld+json\" class=\"yoast-schema-graph\">{\"@context\":\"https:\/\/schema.org\",\"@graph\":[{\"@type\":\"WebPage\",\"@id\":\"https:\/\/www.hissforbundet.se\/medlemssidor\/\",\"url\":\"https:\/\/www.hissforbundet.se\/medlemssidor\/\",\"name\":\"F\u00f6r medlemmar - Hissf\u00f6rbundet\",\"isPartOf\":{\"@id\":\"https:\/\/www.hissforbundet.se\/#website\"},\"datePublished\":\"2024-02-14T13:42:14+00:00\",\"dateModified\":\"2025-11-24T15:30:24+00:00\",\"breadcrumb\":{\"@id\":\"https:\/\/www.hissforbundet.se\/medlemssidor\/#breadcrumb\"},\"inLanguage\":\"en-US\",\"potentialAction\":[{\"@type\":\"ReadAction\",\"target\":[\"https:\/\/www.hissforbundet.se\/medlemssidor\/\"]}]},{\"@type\":\"BreadcrumbList\",\"@id\":\"https:\/\/www.hissforbundet.se\/medlemssidor\/#breadcrumb\",\"itemListElement\":[{\"@type\":\"ListItem\",\"position\":1,\"name\":\"Home\",\"item\":\"https:\/\/www.hissforbundet.se\/\"},{\"@type\":\"ListItem\",\"position\":2,\"name\":\"F\u00f6r medlemmar\"}]},{\"@type\":\"WebSite\",\"@id\":\"https:\/\/www.hissforbundet.se\/#website\",\"url\":\"https:\/\/www.hissforbundet.se\/\",\"name\":\"Hissf\u00f6rbundet\",\"description\":\"H\u00f6jd s\u00e4kerhet och \u00f6kad levnadsstandard\",\"publisher\":{\"@id\":\"https:\/\/www.hissforbundet.se\/#organization\"},\"potentialAction\":[{\"@type\":\"SearchAction\",\"target\":{\"@type\":\"EntryPoint\",\"urlTemplate\":\"https:\/\/www.hissforbundet.se\/?s={search_term_string}\"},\"query-input\":\"required name=search_term_string\"}],\"inLanguage\":\"en-US\"},{\"@type\":\"Organization\",\"@id\":\"https:\/\/www.hissforbundet.se\/#organization\",\"name\":\"Hissf\u00f6rbundet\",\"url\":\"https:\/\/www.hissforbundet.se\/\",\"logo\":{\"@type\":\"ImageObject\",\"inLanguage\":\"en-US\",\"@id\":\"https:\/\/www.hissforbundet.se\/#\/schema\/logo\/image\/\",\"url\":\"https:\/\/www.hissforbundet.se\/wp-content\/uploads\/2023\/11\/Hissforbundet-logotyp.png\",\"contentUrl\":\"https:\/\/www.hissforbundet.se\/wp-content\/uploads\/2023\/11\/Hissforbundet-logotyp.png\",\"width\":3543,\"height\":469,\"caption\":\"Hissf\u00f6rbundet\"},\"image\":{\"@id\":\"https:\/\/www.hissforbundet.se\/#\/schema\/logo\/image\/\"}}]}<\/script>\n<!-- \/ Yoast SEO plugin. -->","yoast_head_json":{"title":"F\u00f6r medlemmar - Hissf\u00f6rbundet","robots":{"index":"index","follow":"follow","max-snippet":"max-snippet:-1","max-image-preview":"max-image-preview:large","max-video-preview":"max-video-preview:-1"},"canonical":"https:\/\/www.hissforbundet.se\/en\/medlemssidor\/","og_locale":"en_US","og_type":"article","og_title":"F\u00f6r medlemmar - Hissf\u00f6rbundet","og_description":"&#8221;V\u00e4lkommen till en bransch med sammanh\u00e5llning! Hissf\u00f6rbundet \u00e4r sedan 1992 den svenska branschf\u00f6reningen f\u00f6r f\u00f6retag som tillverkar, monterar och underh\u00e5ller hissar och rulltrappor. Medlemsf\u00f6retagen representerar \u00f6ver 80% av den svenska branschen. H\u00e4r hittar du som \u00e4r verksam inom hiss- och rulltrappsbranschen information om regelverk, statistik och s\u00e4kerhet. Den viktiga kunskapsdelningen Kunskapsdelning \u00e4r viktigt av flera [&hellip;]","og_url":"https:\/\/www.hissforbundet.se\/en\/medlemssidor\/","og_site_name":"Hissf\u00f6rbundet","article_modified_time":"2025-11-24T15:30:24+00:00","twitter_card":"summary_large_image","twitter_misc":{"Est. reading time":"1 minute"},"schema":{"@context":"https:\/\/schema.org","@graph":[{"@type":"WebPage","@id":"https:\/\/www.hissforbundet.se\/medlemssidor\/","url":"https:\/\/www.hissforbundet.se\/medlemssidor\/","name":"F\u00f6r medlemmar - Hissf\u00f6rbundet","isPartOf":{"@id":"https:\/\/www.hissforbundet.se\/#website"},"datePublished":"2024-02-14T13:42:14+00:00","dateModified":"2025-11-24T15:30:24+00:00","breadcrumb":{"@id":"https:\/\/www.hissforbundet.se\/medlemssidor\/#breadcrumb"},"inLanguage":"en-US","potentialAction":[{"@type":"ReadAction","target":["https:\/\/www.hissforbundet.se\/medlemssidor\/"]}]},{"@type":"BreadcrumbList","@id":"https:\/\/www.hissforbundet.se\/medlemssidor\/#breadcrumb","itemListElement":[{"@type":"ListItem","position":1,"name":"Home","item":"https:\/\/www.hissforbundet.se\/"},{"@type":"ListItem","position":2,"name":"F\u00f6r medlemmar"}]},{"@type":"WebSite","@id":"https:\/\/www.hissforbundet.se\/#website","url":"https:\/\/www.hissforbundet.se\/","name":"The Elevator Association","description":"Increased security and increased standard of living","publisher":{"@id":"https:\/\/www.hissforbundet.se\/#organization"},"potentialAction":[{"@type":"SearchAction","target":{"@type":"EntryPoint","urlTemplate":"https:\/\/www.hissforbundet.se\/?s={search_term_string}"},"query-input":"required name=search_term_string"}],"inLanguage":"en-US"},{"@type":"Organization","@id":"https:\/\/www.hissforbundet.se\/#organization","name":"The Elevator Association","url":"https:\/\/www.hissforbundet.se\/","logo":{"@type":"ImageObject","inLanguage":"en-US","@id":"https:\/\/www.hissforbundet.se\/#\/schema\/logo\/image\/","url":"https:\/\/www.hissforbundet.se\/wp-content\/uploads\/2023\/11\/Hissforbundet-logotyp.png","contentUrl":"https:\/\/www.hissforbundet.se\/wp-content\/uploads\/2023\/11\/Hissforbundet-logotyp.png","width":3543,"height":469,"caption":"Hissf\u00f6rbundet"},"image":{"@id":"https:\/\/www.hissforbundet.se\/#\/schema\/logo\/image\/"}}]}},"_links":{"self":[{"href":"https:\/\/www.hissforbundet.se\/en\/wp-json\/wp\/v2\/pages\/730"}],"collection":[{"href":"https:\/\/www.hissforbundet.se\/en\/wp-json\/wp\/v2\/pages"}],"about":[{"href":"https:\/\/www.hissforbundet.se\/en\/wp-json\/wp\/v2\/types\/page"}],"author":[{"embeddable":true,"href":"https:\/\/www.hissforbundet.se\/en\/wp-json\/wp\/v2\/users\/1"}],"replies":[{"embeddable":true,"href":"https:\/\/www.hissforbundet.se\/en\/wp-json\/wp\/v2\/comments?post=730"}],"version-history":[{"count":72,"href":"https:\/\/www.hissforbundet.se\/en\/wp-json\/wp\/v2\/pages\/730\/revisions"}],"predecessor-version":[{"id":2426,"href":"https:\/\/www.hissforbundet.se\/en\/wp-json\/wp\/v2\/pages\/730\/revisions\/2426"}],"wp:attachment":[{"href":"https:\/\/www.hissforbundet.se\/en\/wp-json\/wp\/v2\/media?parent=730"}],"curies":[{"name":"wp","href":"https:\/\/api.w.org\/{rel}","templated":true}]}}