{"id":539,"date":"2024-02-02T10:03:35","date_gmt":"2024-02-02T10:03:35","guid":{"rendered":"https:\/\/hissforbundet.acrowd.se\/?page_id=539"},"modified":"2025-11-24T17:18:14","modified_gmt":"2025-11-24T15:18:14","slug":"codeofconduct","status":"publish","type":"page","link":"https:\/\/www.hissforbundet.se\/en\/codeofconduct\/","title":{"rendered":"Code of Conduct"},"content":{"rendered":"<div style=\"height:var(--wp--preset--spacing--80)\" aria-hidden=\"true\" class=\"wp-block-spacer\"><\/div>\n\n\n\n<h1 class=\"wp-block-heading has-x-large-font-size\">Code of Conduct<\/h1>\n\n\n\n<p>The Swedish Lift Association actively works for transparent and competitively neutral operations. All operations are carried out in accordance with the Code of Conduct established by the European Lift Association, ELA. <\/p>\n\n\n\n<div style=\"height:100px\" aria-hidden=\"true\" class=\"wp-block-spacer\"><\/div>\n\n\n\n<figure class=\"wp-block-image size-medium is-resized\"><img loading=\"lazy\" decoding=\"async\" width=\"300\" height=\"280\" src=\"https:\/\/www.hissforbundet.se\/wp-content\/uploads\/2023\/11\/ELA-e1701262452822-300x280.png\" alt=\"ELA logo\" class=\"wp-image-95\" style=\"width:200px\" srcset=\"https:\/\/www.hissforbundet.se\/wp-content\/uploads\/2023\/11\/ELA-e1701262452822-300x280.png 300w, https:\/\/www.hissforbundet.se\/wp-content\/uploads\/2023\/11\/ELA-e1701262452822.png 400w\" sizes=\"(max-width: 300px) 100vw, 300px\" \/><\/figure>\n\n\n\n<p><strong>ELA Code of Conduct for members and their representatives<\/strong><\/p>\n\n\n\n<p>It is the strict policy of ELA to comply with applicable antitrust and competition laws, including the laws of the European Union and the national laws of each Member State. Antitrust and competition laws are complex and their violation would be a serious and severe matter for ELA and its members. Therefore, participation in ELA must comply with certain principles and rules.<\/p>\n\n\n\n<p>This Code of Conduct is intended to summarize what is expected of ELA members and their representatives when involved in ELA&#039;s activities. Member representatives who participate in meetings should have received and read ELA&#039;s Articles of Association as well as the present Code of Conduct.<\/p>\n\n\n\n<div class=\"wp-block-group is-layout-constrained wp-block-group-is-layout-constrained\">\n<ul>\n<li>Member representatives should not attend any meeting unless they have first received an agenda for such a meeting. The representatives should keep in their files both the agenda and the minutes of each meeting, as supplied by the secretary of the meeting.<\/li>\n<\/ul>\n\n\n\n<ul>\n<li>Only subjects linked with the Association&#039;s purposes should be discussed at meetings, such as quality and product safety, new regulations, issues relating to codes and standards, product liability developments and statistics on accidents, statistics on equipment and services relating to elevators and escalators, training of installation and maintenance personnel, etc.<\/li>\n<\/ul>\n\n\n\n<ul>\n<li>Never discuss or exchange information or documents on the following or similar topics, whether formally or informally, before during or after meetings:<br><br>\u2013 boycott of (non-) member companies within the country association and\/or boycott of their customers or suppliers;<br>\u2013 market sharing; <br>\u2013 supply arrangements;<br>\u2013 prices, pricing or the timing of price changes;<br>\u2013 decisions to quote or not to quote product or service offerings;<br>\u2013 sales volumes of single members of country association;<br>\u2013 investment decisions and\/or R&amp;D spending of single members of country association.<\/li>\n<\/ul>\n\n\n\n<ul>\n<li>If a member starts to discuss one of the above topics, you should object, restate the ELA policy with respect to antitrust compliance and leave the meeting. You should also contact your legal department and\/or the person within your association who asked you to attend the meeting.<\/li>\n<\/ul>\n<\/div>\n\n\n\n<p>If the ELA Board becomes aware of any non-compliance by any member association or its representatives relating to this Code of Conduct, it will review the situation and take appropriate decisions.<\/p>\n\n\n\n<div style=\"height:var(--wp--preset--spacing--80)\" aria-hidden=\"true\" class=\"wp-block-spacer\"><\/div>","protected":false},"excerpt":{"rendered":"<p>Code of Conduct Hissf\u00f6rbundet verkar aktivt f\u00f6r en transparent och konkurrensneutral verksamhet. All verksamhet sker i enlighet med den Code of Conduct som \u00e4r fastst\u00e4lld av European Lift Association, ELA. ELA Code of Conduct for members and their representatives It is the strict policy of ELA to comply with applicable antitrust and competition laws, including [&hellip;]<\/p>","protected":false},"author":1,"featured_media":0,"parent":0,"menu_order":0,"comment_status":"closed","ping_status":"closed","template":"","meta":{"footnotes":""},"acf":[],"yoast_head":"<!-- This site is optimized with the Yoast SEO plugin v22.7 - https:\/\/yoast.com\/wordpress\/plugins\/seo\/ -->\n<title>Code of Conduct - Hissf\u00f6rbundet<\/title>\n<meta name=\"robots\" content=\"index, follow, max-snippet:-1, max-image-preview:large, max-video-preview:-1\" \/>\n<link rel=\"canonical\" href=\"https:\/\/www.hissforbundet.se\/en\/codeofconduct\/\" \/>\n<meta property=\"og:locale\" content=\"en_US\" \/>\n<meta property=\"og:type\" content=\"article\" \/>\n<meta property=\"og:title\" content=\"Code of Conduct - Hissf\u00f6rbundet\" \/>\n<meta property=\"og:description\" content=\"Code of Conduct Hissf\u00f6rbundet verkar aktivt f\u00f6r en transparent och konkurrensneutral verksamhet. All verksamhet sker i enlighet med den Code of Conduct som \u00e4r fastst\u00e4lld av European Lift Association, ELA. ELA Code of Conduct for members and their representatives It is the strict policy of ELA to comply with applicable antitrust and competition laws, including [&hellip;]\" \/>\n<meta property=\"og:url\" content=\"https:\/\/www.hissforbundet.se\/en\/codeofconduct\/\" \/>\n<meta property=\"og:site_name\" content=\"Hissf\u00f6rbundet\" \/>\n<meta property=\"article:modified_time\" content=\"2025-11-24T15:18:14+00:00\" \/>\n<meta property=\"og:image\" content=\"https:\/\/www.hissforbundet.se\/wp-content\/uploads\/2023\/11\/ELA-e1701262452822-300x280.png\" \/>\n<meta name=\"twitter:card\" content=\"summary_large_image\" \/>\n<meta name=\"twitter:label1\" content=\"Est. reading time\" \/>\n\t<meta name=\"twitter:data1\" content=\"3 minutes\" \/>\n<script type=\"application\/ld+json\" class=\"yoast-schema-graph\">{\"@context\":\"https:\/\/schema.org\",\"@graph\":[{\"@type\":\"WebPage\",\"@id\":\"https:\/\/www.hissforbundet.se\/codeofconduct\/\",\"url\":\"https:\/\/www.hissforbundet.se\/codeofconduct\/\",\"name\":\"Code of Conduct - Hissf\u00f6rbundet\",\"isPartOf\":{\"@id\":\"https:\/\/www.hissforbundet.se\/#website\"},\"primaryImageOfPage\":{\"@id\":\"https:\/\/www.hissforbundet.se\/codeofconduct\/#primaryimage\"},\"image\":{\"@id\":\"https:\/\/www.hissforbundet.se\/codeofconduct\/#primaryimage\"},\"thumbnailUrl\":\"https:\/\/www.hissforbundet.se\/wp-content\/uploads\/2023\/11\/ELA-e1701262452822-300x280.png\",\"datePublished\":\"2024-02-02T10:03:35+00:00\",\"dateModified\":\"2025-11-24T15:18:14+00:00\",\"breadcrumb\":{\"@id\":\"https:\/\/www.hissforbundet.se\/codeofconduct\/#breadcrumb\"},\"inLanguage\":\"en-US\",\"potentialAction\":[{\"@type\":\"ReadAction\",\"target\":[\"https:\/\/www.hissforbundet.se\/codeofconduct\/\"]}]},{\"@type\":\"ImageObject\",\"inLanguage\":\"en-US\",\"@id\":\"https:\/\/www.hissforbundet.se\/codeofconduct\/#primaryimage\",\"url\":\"https:\/\/www.hissforbundet.se\/wp-content\/uploads\/2023\/11\/ELA-e1701262452822-300x280.png\",\"contentUrl\":\"https:\/\/www.hissforbundet.se\/wp-content\/uploads\/2023\/11\/ELA-e1701262452822-300x280.png\"},{\"@type\":\"BreadcrumbList\",\"@id\":\"https:\/\/www.hissforbundet.se\/codeofconduct\/#breadcrumb\",\"itemListElement\":[{\"@type\":\"ListItem\",\"position\":1,\"name\":\"Home\",\"item\":\"https:\/\/www.hissforbundet.se\/\"},{\"@type\":\"ListItem\",\"position\":2,\"name\":\"Code of Conduct\"}]},{\"@type\":\"WebSite\",\"@id\":\"https:\/\/www.hissforbundet.se\/#website\",\"url\":\"https:\/\/www.hissforbundet.se\/\",\"name\":\"Hissf\u00f6rbundet\",\"description\":\"H\u00f6jd s\u00e4kerhet och \u00f6kad levnadsstandard\",\"publisher\":{\"@id\":\"https:\/\/www.hissforbundet.se\/#organization\"},\"potentialAction\":[{\"@type\":\"SearchAction\",\"target\":{\"@type\":\"EntryPoint\",\"urlTemplate\":\"https:\/\/www.hissforbundet.se\/?s={search_term_string}\"},\"query-input\":\"required name=search_term_string\"}],\"inLanguage\":\"en-US\"},{\"@type\":\"Organization\",\"@id\":\"https:\/\/www.hissforbundet.se\/#organization\",\"name\":\"Hissf\u00f6rbundet\",\"url\":\"https:\/\/www.hissforbundet.se\/\",\"logo\":{\"@type\":\"ImageObject\",\"inLanguage\":\"en-US\",\"@id\":\"https:\/\/www.hissforbundet.se\/#\/schema\/logo\/image\/\",\"url\":\"https:\/\/www.hissforbundet.se\/wp-content\/uploads\/2023\/11\/Hissforbundet-logotyp.png\",\"contentUrl\":\"https:\/\/www.hissforbundet.se\/wp-content\/uploads\/2023\/11\/Hissforbundet-logotyp.png\",\"width\":3543,\"height\":469,\"caption\":\"Hissf\u00f6rbundet\"},\"image\":{\"@id\":\"https:\/\/www.hissforbundet.se\/#\/schema\/logo\/image\/\"}}]}<\/script>\n<!-- \/ Yoast SEO plugin. -->","yoast_head_json":{"title":"Code of Conduct - Hissf\u00f6rbundet","robots":{"index":"index","follow":"follow","max-snippet":"max-snippet:-1","max-image-preview":"max-image-preview:large","max-video-preview":"max-video-preview:-1"},"canonical":"https:\/\/www.hissforbundet.se\/en\/codeofconduct\/","og_locale":"en_US","og_type":"article","og_title":"Code of Conduct - Hissf\u00f6rbundet","og_description":"Code of Conduct Hissf\u00f6rbundet verkar aktivt f\u00f6r en transparent och konkurrensneutral verksamhet. All verksamhet sker i enlighet med den Code of Conduct som \u00e4r fastst\u00e4lld av European Lift Association, ELA. ELA Code of Conduct for members and their representatives It is the strict policy of ELA to comply with applicable antitrust and competition laws, including [&hellip;]","og_url":"https:\/\/www.hissforbundet.se\/en\/codeofconduct\/","og_site_name":"Hissf\u00f6rbundet","article_modified_time":"2025-11-24T15:18:14+00:00","og_image":[{"url":"https:\/\/www.hissforbundet.se\/wp-content\/uploads\/2023\/11\/ELA-e1701262452822-300x280.png"}],"twitter_card":"summary_large_image","twitter_misc":{"Est. reading time":"3 minutes"},"schema":{"@context":"https:\/\/schema.org","@graph":[{"@type":"WebPage","@id":"https:\/\/www.hissforbundet.se\/codeofconduct\/","url":"https:\/\/www.hissforbundet.se\/codeofconduct\/","name":"Code of Conduct - Hissf\u00f6rbundet","isPartOf":{"@id":"https:\/\/www.hissforbundet.se\/#website"},"primaryImageOfPage":{"@id":"https:\/\/www.hissforbundet.se\/codeofconduct\/#primaryimage"},"image":{"@id":"https:\/\/www.hissforbundet.se\/codeofconduct\/#primaryimage"},"thumbnailUrl":"https:\/\/www.hissforbundet.se\/wp-content\/uploads\/2023\/11\/ELA-e1701262452822-300x280.png","datePublished":"2024-02-02T10:03:35+00:00","dateModified":"2025-11-24T15:18:14+00:00","breadcrumb":{"@id":"https:\/\/www.hissforbundet.se\/codeofconduct\/#breadcrumb"},"inLanguage":"en-US","potentialAction":[{"@type":"ReadAction","target":["https:\/\/www.hissforbundet.se\/codeofconduct\/"]}]},{"@type":"ImageObject","inLanguage":"en-US","@id":"https:\/\/www.hissforbundet.se\/codeofconduct\/#primaryimage","url":"https:\/\/www.hissforbundet.se\/wp-content\/uploads\/2023\/11\/ELA-e1701262452822-300x280.png","contentUrl":"https:\/\/www.hissforbundet.se\/wp-content\/uploads\/2023\/11\/ELA-e1701262452822-300x280.png"},{"@type":"BreadcrumbList","@id":"https:\/\/www.hissforbundet.se\/codeofconduct\/#breadcrumb","itemListElement":[{"@type":"ListItem","position":1,"name":"Home","item":"https:\/\/www.hissforbundet.se\/"},{"@type":"ListItem","position":2,"name":"Code of Conduct"}]},{"@type":"WebSite","@id":"https:\/\/www.hissforbundet.se\/#website","url":"https:\/\/www.hissforbundet.se\/","name":"The Elevator Association","description":"Increased security and increased standard of living","publisher":{"@id":"https:\/\/www.hissforbundet.se\/#organization"},"potentialAction":[{"@type":"SearchAction","target":{"@type":"EntryPoint","urlTemplate":"https:\/\/www.hissforbundet.se\/?s={search_term_string}"},"query-input":"required name=search_term_string"}],"inLanguage":"en-US"},{"@type":"Organization","@id":"https:\/\/www.hissforbundet.se\/#organization","name":"The Elevator Association","url":"https:\/\/www.hissforbundet.se\/","logo":{"@type":"ImageObject","inLanguage":"en-US","@id":"https:\/\/www.hissforbundet.se\/#\/schema\/logo\/image\/","url":"https:\/\/www.hissforbundet.se\/wp-content\/uploads\/2023\/11\/Hissforbundet-logotyp.png","contentUrl":"https:\/\/www.hissforbundet.se\/wp-content\/uploads\/2023\/11\/Hissforbundet-logotyp.png","width":3543,"height":469,"caption":"Hissf\u00f6rbundet"},"image":{"@id":"https:\/\/www.hissforbundet.se\/#\/schema\/logo\/image\/"}}]}},"_links":{"self":[{"href":"https:\/\/www.hissforbundet.se\/en\/wp-json\/wp\/v2\/pages\/539"}],"collection":[{"href":"https:\/\/www.hissforbundet.se\/en\/wp-json\/wp\/v2\/pages"}],"about":[{"href":"https:\/\/www.hissforbundet.se\/en\/wp-json\/wp\/v2\/types\/page"}],"author":[{"embeddable":true,"href":"https:\/\/www.hissforbundet.se\/en\/wp-json\/wp\/v2\/users\/1"}],"replies":[{"embeddable":true,"href":"https:\/\/www.hissforbundet.se\/en\/wp-json\/wp\/v2\/comments?post=539"}],"version-history":[{"count":5,"href":"https:\/\/www.hissforbundet.se\/en\/wp-json\/wp\/v2\/pages\/539\/revisions"}],"predecessor-version":[{"id":2421,"href":"https:\/\/www.hissforbundet.se\/en\/wp-json\/wp\/v2\/pages\/539\/revisions\/2421"}],"wp:attachment":[{"href":"https:\/\/www.hissforbundet.se\/en\/wp-json\/wp\/v2\/media?parent=539"}],"curies":[{"name":"wp","href":"https:\/\/api.w.org\/{rel}","templated":true}]}}