{"id":522,"date":"2024-01-29T12:08:35","date_gmt":"2024-01-29T12:08:35","guid":{"rendered":"https:\/\/hissforbundet.acrowd.se\/?page_id=522"},"modified":"2026-01-22T12:36:02","modified_gmt":"2026-01-22T10:36:02","slug":"medlemskap","status":"publish","type":"page","link":"https:\/\/www.hissforbundet.se\/en\/medlemskap\/","title":{"rendered":"Membership"},"content":{"rendered":"<section  class=\"tebab-block-hero alignfull\" style=\"--heading-color: #ffffff;\">\n\n    <img loading=\"lazy\" decoding=\"async\" width=\"1000\" height=\"563\" src=\"https:\/\/www.hissforbundet.se\/wp-content\/uploads\/2024\/03\/shutterstock_2136854941.jpg\" class=\"attachment-landscape size-landscape\" alt=\"\" srcset=\"https:\/\/www.hissforbundet.se\/wp-content\/uploads\/2024\/03\/shutterstock_2136854941.jpg 1000w, https:\/\/www.hissforbundet.se\/wp-content\/uploads\/2024\/03\/shutterstock_2136854941-300x169.jpg 300w, https:\/\/www.hissforbundet.se\/wp-content\/uploads\/2024\/03\/shutterstock_2136854941-768x432.jpg 768w\" sizes=\"(max-width: 1000px) 100vw, 1000px\" \/>\n    <div class=\"contained\">\n                <h1 class=\"tebab-block-hero__heading\">\n            Membership in the Swedish Elevator Association        <\/h1>\n\n                    <div class=\"tebab-block-hero__buttons\">\n                                    <a href=\"https:\/\/www.hissforbundet.se\/en\/dokument\/medlemsansokan\/\" class=\"button styled\" target=\"1\" rel=\"noreferrer\">Apply for membership<\/a>\n                                    <a href=\"https:\/\/www.hissforbundet.se\/en\/stadgar\/\" class=\"button primary\" target=\"1\" rel=\"noreferrer\">Statutes<\/a>\n                                    <a href=\"https:\/\/www.hissforbundet.se\/en\/codeofconduct\/\" class=\"button primary\" target=\"1\" rel=\"noreferrer\">Code of Conduct<\/a>\n                            <\/div>\n            <\/div>\n<\/section>\n\n\n<div style=\"height:81px\" aria-hidden=\"true\" class=\"wp-block-spacer\"><\/div>\n\n\n\n<h2 class=\"wp-block-heading has-x-large-font-size\">Welcome to an industry with cohesion!<\/h2>\n\n\n\n<p><strong>The Swedish Elevator Association is the Swedish trade association for companies that manufacture, install and maintain elevators and escalators. The companies that are currently members of the Swedish Elevator Association represent over 801% of the market for elevators and escalators in Sweden.<\/strong><\/p>\n\n\n\n<p>The goal of the Swedish Elevator Association&#039;s work is to promote the positive development of the industry by offering all members activities, information and the opportunity to actively participate in committee work.<\/p>\n\n\n\n<p><strong>Our important committees<\/strong><\/p>\n\n\n\n<p>The most important work takes place within the Technology and Safety Committee, the Communications Committee, the Education Committee and the management group for the YH education in Tumba.<\/p>\n\n\n\n<p><strong>Member benefits<\/strong><\/p>\n\n\n\n<p>The Elevator Association is a non-profit association with offices at Teknikf\u00f6retagens Branschgrupper AB. Companies that are members of a trade organization with offices at us are welcome to take advantage of discount agreements and benefits in many different areas through Teknikf\u00f6retagen Plus.<\/p>\n\n\n\n<p><strong>Cost of membership<\/strong><\/p>\n\n\n\n<p>The operations and activities for the members are financed through a <em>service fee<\/em> (deductible) and a <em>membership fee<\/em> (not deductible). The Elevator Association&#039;s membership fee for the coming year is decided together with the budget at the association&#039;s autumn meeting. The fee consists of a fixed part that is the same for all members, and a variable part that is based on the company&#039;s turnover for the past two years. The Elevator Association also offers associate membership for companies that operate in the elevator and escalator area, but that do not meet all the criteria according to the Elevator Association&#039;s statutes.<\/p>\n\n\n\n<p><strong>We are stronger together!<\/strong><\/p>\n\n\n\n<p>Before your company applies for membership in the Swedish Elevator Association, it is important to read the association&#039;s statutes and code of conduct. If you do not meet the requirements for a member company according to <em>\u00a7 5 Membership<\/em> you can apply for associate membership.<\/p>\n\n\n\n<p><strong>Become a member of the Elevator Association and make your voice heard!<\/strong><\/p>\n\n\n\n<div style=\"height:81px\" aria-hidden=\"true\" class=\"wp-block-spacer\"><\/div>\n\n\n<section  class=\"tebab-block-split_screen alignfull image_alignment-left\">\n    <div class=\"contained\">\n        <div class=\"tebab-block-split_screen__image-wrapper\">\n            <img loading=\"lazy\" decoding=\"async\" width=\"1000\" height=\"667\" src=\"https:\/\/www.hissforbundet.se\/wp-content\/uploads\/2024\/02\/shutterstock_1695997336.jpg\" class=\"attachment-landscape size-landscape\" alt=\"\" srcset=\"https:\/\/www.hissforbundet.se\/wp-content\/uploads\/2024\/02\/shutterstock_1695997336.jpg 1000w, https:\/\/www.hissforbundet.se\/wp-content\/uploads\/2024\/02\/shutterstock_1695997336-300x200.jpg 300w, https:\/\/www.hissforbundet.se\/wp-content\/uploads\/2024\/02\/shutterstock_1695997336-768x512.jpg 768w\" sizes=\"(max-width: 1000px) 100vw, 1000px\" \/>        <\/div>\n\n        <div class=\"tebab-block-split_screen__content-wrapper\">\n            <h1>A membership that provides security<\/h1>\n<p>The Swedish Elevator Association represents companies operating in Sweden by:<\/p>\n<ul>\n<li>actively safeguard the interests of members towards suppliers and national and international authorities;<\/li>\n<li>continuously inform and educate member companies in technology, safety and construction law;<\/li>\n<li>be a referral body for elevator and escalator issues at the Swedish National Board of Housing, Building and Planning, the Swedish Work Environment Authority and the Swedish Electrical Safety Authority;<\/li>\n<li>conduct vocational training for elevator and escalator technicians to ensure the long-term supply of trained labor to the industry;<\/li>\n<li>actively participate in advocacy work at the European level and gain access to statistics through membership in the European Lifts Association (ELA).<\/li>\n<\/ul>\n<p>We are stronger together \u2013 become a member of the Swedish Elevator Association to make your voice heard!<\/p>\n<p>&nbsp;<\/p>\n\n                            <div class=\"tebab-block-split_screen__buttons\">\n                                            <a href=\"https:\/\/www.hissforbundet.se\/en\/dokument\/medlemsansokan-2025\/\" class=\"button primary\" target=\"1\" rel=\"noreferrer\">Apply for membership<\/a>\n                                    <\/div>\n            \n        <\/div>\n    <\/div>\n<\/section>\n\n\n<div style=\"height:81px\" aria-hidden=\"true\" class=\"wp-block-spacer\"><\/div>\n\n\n\n<div class=\"wp-block-group alignwide tebab-form-image is-content-justification-left is-nowrap is-layout-flex wp-container-core-group-is-layout-2 wp-block-group-is-layout-flex\">\n<div class=\"wp-block-group tebab-form-image__content has-white-background-color has-background wp-container-content-1 is-layout-flow wp-block-group-is-layout-flow\">\n<h2 class=\"wp-block-heading\">I want to be contacted!<\/h2>\n\n\n<section  class=\"tebab-block-form\">\n    <form data-tebab-form=\"block_d852b7b81141518ffc301a1576654a41\" data-tebab-page=\"522\" action=\"\">\n        <label class=\"input-wrapper required\" for=\"namn\">\n    <span>Name: *<\/span>\n    <input type=\"text\" name=\"namn\" id=\"namn\" placeholder=\"\" required>\n<\/label><label class=\"input-wrapper\" for=\"foretag\">\n    <span>Business:<\/span>\n    <input type=\"text\" name=\"foretag\" id=\"foretag\" placeholder=\"\" >\n<\/label><label class=\"input-wrapper required\" for=\"e-post\">\n    <span>Email: *<\/span>\n    <input type=\"email\" name=\"e-post\" id=\"e-post\" placeholder=\"\" required>\n<\/label><label class=\"input-wrapper\" for=\"meddelande\">\n    <span>Message:<\/span>\n    <textarea type=\"text\" name=\"meddelande\" id=\"meddelande\" placeholder=\"\"  rows=\"6\"><\/textarea>\n<\/label>\n        <div class=\"input-wrapper\">\n            <button type=\"submit\" class=\"button\">Send<\/button>\n        <\/div>\n\n            <input type=\"hidden\" name=\"trp-form-language\" value=\"en\"\/><\/form>\n<\/section><\/div>\n\n\n\n<figure class=\"wp-block-image size-full is-resized is-style-rounded\"><img loading=\"lazy\" decoding=\"async\" width=\"1000\" height=\"667\" src=\"https:\/\/www.hissforbundet.se\/wp-content\/uploads\/2023\/10\/shutterstock_2376547335.jpg\" alt=\"\" class=\"wp-image-48\" style=\"aspect-ratio:3\/4;object-fit:cover;width:530px;height:auto\" srcset=\"https:\/\/www.hissforbundet.se\/wp-content\/uploads\/2023\/10\/shutterstock_2376547335.jpg 1000w, https:\/\/www.hissforbundet.se\/wp-content\/uploads\/2023\/10\/shutterstock_2376547335-300x200.jpg 300w, https:\/\/www.hissforbundet.se\/wp-content\/uploads\/2023\/10\/shutterstock_2376547335-768x512.jpg 768w\" sizes=\"(max-width: 1000px) 100vw, 1000px\" \/><\/figure>\n<\/div>\n\n\n\n<div style=\"height:100px\" aria-hidden=\"true\" class=\"wp-block-spacer\"><\/div>\n\n\n<section  class=\"tebab-block-split_screen alignfull image_alignment-left\">\n    <div class=\"contained\">\n        <div class=\"tebab-block-split_screen__image-wrapper\">\n            <img loading=\"lazy\" decoding=\"async\" width=\"1000\" height=\"667\" src=\"https:\/\/www.hissforbundet.se\/wp-content\/uploads\/2024\/02\/shutterstock_1786572482-2.jpg\" class=\"attachment-landscape size-landscape\" alt=\"\" srcset=\"https:\/\/www.hissforbundet.se\/wp-content\/uploads\/2024\/02\/shutterstock_1786572482-2.jpg 1000w, https:\/\/www.hissforbundet.se\/wp-content\/uploads\/2024\/02\/shutterstock_1786572482-2-300x200.jpg 300w, https:\/\/www.hissforbundet.se\/wp-content\/uploads\/2024\/02\/shutterstock_1786572482-2-768x512.jpg 768w\" sizes=\"(max-width: 1000px) 100vw, 1000px\" \/>        <\/div>\n\n        <div class=\"tebab-block-split_screen__content-wrapper\">\n            <h1>Member benefits<\/h1>\n<p>As a member of the Swedish Elevator Association, you have access to Sinf&#039;s membership benefits. Currently, you can contact your industry developer for information.<\/p>\n\n            \n        <\/div>\n    <\/div>\n<\/section>\n\n\n<div style=\"height:100px\" aria-hidden=\"true\" class=\"wp-block-spacer\"><\/div>","protected":false},"excerpt":{"rendered":"<p>V\u00e4lkommen till en bransch med sammanh\u00e5llning! Hissf\u00f6rbundet \u00e4r den svenska branschorganisationen f\u00f6r f\u00f6retag som tillverkar, monterar och underh\u00e5ller hissar och rulltrappor. De f\u00f6retag som idag \u00e4r medlemmar i Hissf\u00f6rbundet representerar \u00f6ver 80% av marknaden f\u00f6r hissar och rulltrappor i Sverige. M\u00e5let med Hissf\u00f6rbundets arbete \u00e4r att verka f\u00f6r branschens positiva utveckling genom att erbjuda alla [&hellip;]<\/p>","protected":false},"author":1,"featured_media":0,"parent":0,"menu_order":0,"comment_status":"closed","ping_status":"closed","template":"","meta":{"footnotes":""},"acf":[],"yoast_head":"<!-- This site is optimized with the Yoast SEO plugin v22.7 - https:\/\/yoast.com\/wordpress\/plugins\/seo\/ -->\n<title>Medlemskap - Hissf\u00f6rbundet<\/title>\n<meta name=\"robots\" content=\"index, follow, max-snippet:-1, max-image-preview:large, max-video-preview:-1\" \/>\n<link rel=\"canonical\" href=\"https:\/\/www.hissforbundet.se\/en\/medlemskap\/\" \/>\n<meta property=\"og:locale\" content=\"en_US\" \/>\n<meta property=\"og:type\" content=\"article\" \/>\n<meta property=\"og:title\" content=\"Medlemskap - Hissf\u00f6rbundet\" \/>\n<meta property=\"og:description\" content=\"V\u00e4lkommen till en bransch med sammanh\u00e5llning! Hissf\u00f6rbundet \u00e4r den svenska branschorganisationen f\u00f6r f\u00f6retag som tillverkar, monterar och underh\u00e5ller hissar och rulltrappor. De f\u00f6retag som idag \u00e4r medlemmar i Hissf\u00f6rbundet representerar \u00f6ver 80% av marknaden f\u00f6r hissar och rulltrappor i Sverige. M\u00e5let med Hissf\u00f6rbundets arbete \u00e4r att verka f\u00f6r branschens positiva utveckling genom att erbjuda alla [&hellip;]\" \/>\n<meta property=\"og:url\" content=\"https:\/\/www.hissforbundet.se\/en\/medlemskap\/\" \/>\n<meta property=\"og:site_name\" content=\"Hissf\u00f6rbundet\" \/>\n<meta property=\"article:modified_time\" content=\"2026-01-22T10:36:02+00:00\" \/>\n<meta property=\"og:image\" content=\"https:\/\/www.hissforbundet.se\/wp-content\/uploads\/2023\/10\/shutterstock_2376547335.jpg\" \/>\n<meta name=\"twitter:card\" content=\"summary_large_image\" \/>\n<meta name=\"twitter:label1\" content=\"Est. reading time\" \/>\n\t<meta name=\"twitter:data1\" content=\"2 minutes\" \/>\n<script type=\"application\/ld+json\" class=\"yoast-schema-graph\">{\"@context\":\"https:\/\/schema.org\",\"@graph\":[{\"@type\":\"WebPage\",\"@id\":\"https:\/\/www.hissforbundet.se\/medlemskap\/\",\"url\":\"https:\/\/www.hissforbundet.se\/medlemskap\/\",\"name\":\"Medlemskap - Hissf\u00f6rbundet\",\"isPartOf\":{\"@id\":\"https:\/\/www.hissforbundet.se\/#website\"},\"primaryImageOfPage\":{\"@id\":\"https:\/\/www.hissforbundet.se\/medlemskap\/#primaryimage\"},\"image\":{\"@id\":\"https:\/\/www.hissforbundet.se\/medlemskap\/#primaryimage\"},\"thumbnailUrl\":\"https:\/\/www.hissforbundet.se\/wp-content\/uploads\/2023\/10\/shutterstock_2376547335.jpg\",\"datePublished\":\"2024-01-29T12:08:35+00:00\",\"dateModified\":\"2026-01-22T10:36:02+00:00\",\"breadcrumb\":{\"@id\":\"https:\/\/www.hissforbundet.se\/medlemskap\/#breadcrumb\"},\"inLanguage\":\"en-US\",\"potentialAction\":[{\"@type\":\"ReadAction\",\"target\":[\"https:\/\/www.hissforbundet.se\/medlemskap\/\"]}]},{\"@type\":\"ImageObject\",\"inLanguage\":\"en-US\",\"@id\":\"https:\/\/www.hissforbundet.se\/medlemskap\/#primaryimage\",\"url\":\"https:\/\/www.hissforbundet.se\/wp-content\/uploads\/2023\/10\/shutterstock_2376547335.jpg\",\"contentUrl\":\"https:\/\/www.hissforbundet.se\/wp-content\/uploads\/2023\/10\/shutterstock_2376547335.jpg\"},{\"@type\":\"BreadcrumbList\",\"@id\":\"https:\/\/www.hissforbundet.se\/medlemskap\/#breadcrumb\",\"itemListElement\":[{\"@type\":\"ListItem\",\"position\":1,\"name\":\"Home\",\"item\":\"https:\/\/www.hissforbundet.se\/\"},{\"@type\":\"ListItem\",\"position\":2,\"name\":\"Medlemskap\"}]},{\"@type\":\"WebSite\",\"@id\":\"https:\/\/www.hissforbundet.se\/#website\",\"url\":\"https:\/\/www.hissforbundet.se\/\",\"name\":\"Hissf\u00f6rbundet\",\"description\":\"H\u00f6jd s\u00e4kerhet och \u00f6kad levnadsstandard\",\"publisher\":{\"@id\":\"https:\/\/www.hissforbundet.se\/#organization\"},\"potentialAction\":[{\"@type\":\"SearchAction\",\"target\":{\"@type\":\"EntryPoint\",\"urlTemplate\":\"https:\/\/www.hissforbundet.se\/?s={search_term_string}\"},\"query-input\":\"required name=search_term_string\"}],\"inLanguage\":\"en-US\"},{\"@type\":\"Organization\",\"@id\":\"https:\/\/www.hissforbundet.se\/#organization\",\"name\":\"Hissf\u00f6rbundet\",\"url\":\"https:\/\/www.hissforbundet.se\/\",\"logo\":{\"@type\":\"ImageObject\",\"inLanguage\":\"en-US\",\"@id\":\"https:\/\/www.hissforbundet.se\/#\/schema\/logo\/image\/\",\"url\":\"https:\/\/www.hissforbundet.se\/wp-content\/uploads\/2023\/11\/Hissforbundet-logotyp.png\",\"contentUrl\":\"https:\/\/www.hissforbundet.se\/wp-content\/uploads\/2023\/11\/Hissforbundet-logotyp.png\",\"width\":3543,\"height\":469,\"caption\":\"Hissf\u00f6rbundet\"},\"image\":{\"@id\":\"https:\/\/www.hissforbundet.se\/#\/schema\/logo\/image\/\"}}]}<\/script>\n<!-- \/ Yoast SEO plugin. -->","yoast_head_json":{"title":"Medlemskap - Hissf\u00f6rbundet","robots":{"index":"index","follow":"follow","max-snippet":"max-snippet:-1","max-image-preview":"max-image-preview:large","max-video-preview":"max-video-preview:-1"},"canonical":"https:\/\/www.hissforbundet.se\/en\/medlemskap\/","og_locale":"en_US","og_type":"article","og_title":"Medlemskap - Hissf\u00f6rbundet","og_description":"V\u00e4lkommen till en bransch med sammanh\u00e5llning! Hissf\u00f6rbundet \u00e4r den svenska branschorganisationen f\u00f6r f\u00f6retag som tillverkar, monterar och underh\u00e5ller hissar och rulltrappor. De f\u00f6retag som idag \u00e4r medlemmar i Hissf\u00f6rbundet representerar \u00f6ver 80% av marknaden f\u00f6r hissar och rulltrappor i Sverige. M\u00e5let med Hissf\u00f6rbundets arbete \u00e4r att verka f\u00f6r branschens positiva utveckling genom att erbjuda alla [&hellip;]","og_url":"https:\/\/www.hissforbundet.se\/en\/medlemskap\/","og_site_name":"Hissf\u00f6rbundet","article_modified_time":"2026-01-22T10:36:02+00:00","og_image":[{"url":"https:\/\/www.hissforbundet.se\/wp-content\/uploads\/2023\/10\/shutterstock_2376547335.jpg"}],"twitter_card":"summary_large_image","twitter_misc":{"Est. reading time":"2 minutes"},"schema":{"@context":"https:\/\/schema.org","@graph":[{"@type":"WebPage","@id":"https:\/\/www.hissforbundet.se\/medlemskap\/","url":"https:\/\/www.hissforbundet.se\/medlemskap\/","name":"Medlemskap - Hissf\u00f6rbundet","isPartOf":{"@id":"https:\/\/www.hissforbundet.se\/#website"},"primaryImageOfPage":{"@id":"https:\/\/www.hissforbundet.se\/medlemskap\/#primaryimage"},"image":{"@id":"https:\/\/www.hissforbundet.se\/medlemskap\/#primaryimage"},"thumbnailUrl":"https:\/\/www.hissforbundet.se\/wp-content\/uploads\/2023\/10\/shutterstock_2376547335.jpg","datePublished":"2024-01-29T12:08:35+00:00","dateModified":"2026-01-22T10:36:02+00:00","breadcrumb":{"@id":"https:\/\/www.hissforbundet.se\/medlemskap\/#breadcrumb"},"inLanguage":"en-US","potentialAction":[{"@type":"ReadAction","target":["https:\/\/www.hissforbundet.se\/medlemskap\/"]}]},{"@type":"ImageObject","inLanguage":"en-US","@id":"https:\/\/www.hissforbundet.se\/medlemskap\/#primaryimage","url":"https:\/\/www.hissforbundet.se\/wp-content\/uploads\/2023\/10\/shutterstock_2376547335.jpg","contentUrl":"https:\/\/www.hissforbundet.se\/wp-content\/uploads\/2023\/10\/shutterstock_2376547335.jpg"},{"@type":"BreadcrumbList","@id":"https:\/\/www.hissforbundet.se\/medlemskap\/#breadcrumb","itemListElement":[{"@type":"ListItem","position":1,"name":"Home","item":"https:\/\/www.hissforbundet.se\/"},{"@type":"ListItem","position":2,"name":"Medlemskap"}]},{"@type":"WebSite","@id":"https:\/\/www.hissforbundet.se\/#website","url":"https:\/\/www.hissforbundet.se\/","name":"The Elevator Association","description":"Increased security and increased standard of living","publisher":{"@id":"https:\/\/www.hissforbundet.se\/#organization"},"potentialAction":[{"@type":"SearchAction","target":{"@type":"EntryPoint","urlTemplate":"https:\/\/www.hissforbundet.se\/?s={search_term_string}"},"query-input":"required name=search_term_string"}],"inLanguage":"en-US"},{"@type":"Organization","@id":"https:\/\/www.hissforbundet.se\/#organization","name":"The Elevator Association","url":"https:\/\/www.hissforbundet.se\/","logo":{"@type":"ImageObject","inLanguage":"en-US","@id":"https:\/\/www.hissforbundet.se\/#\/schema\/logo\/image\/","url":"https:\/\/www.hissforbundet.se\/wp-content\/uploads\/2023\/11\/Hissforbundet-logotyp.png","contentUrl":"https:\/\/www.hissforbundet.se\/wp-content\/uploads\/2023\/11\/Hissforbundet-logotyp.png","width":3543,"height":469,"caption":"Hissf\u00f6rbundet"},"image":{"@id":"https:\/\/www.hissforbundet.se\/#\/schema\/logo\/image\/"}}]}},"_links":{"self":[{"href":"https:\/\/www.hissforbundet.se\/en\/wp-json\/wp\/v2\/pages\/522"}],"collection":[{"href":"https:\/\/www.hissforbundet.se\/en\/wp-json\/wp\/v2\/pages"}],"about":[{"href":"https:\/\/www.hissforbundet.se\/en\/wp-json\/wp\/v2\/types\/page"}],"author":[{"embeddable":true,"href":"https:\/\/www.hissforbundet.se\/en\/wp-json\/wp\/v2\/users\/1"}],"replies":[{"embeddable":true,"href":"https:\/\/www.hissforbundet.se\/en\/wp-json\/wp\/v2\/comments?post=522"}],"version-history":[{"count":73,"href":"https:\/\/www.hissforbundet.se\/en\/wp-json\/wp\/v2\/pages\/522\/revisions"}],"predecessor-version":[{"id":2566,"href":"https:\/\/www.hissforbundet.se\/en\/wp-json\/wp\/v2\/pages\/522\/revisions\/2566"}],"wp:attachment":[{"href":"https:\/\/www.hissforbundet.se\/en\/wp-json\/wp\/v2\/media?parent=522"}],"curies":[{"name":"wp","href":"https:\/\/api.w.org\/{rel}","templated":true}]}}