{"id":494,"date":"2024-01-29T09:53:23","date_gmt":"2024-01-29T09:53:23","guid":{"rendered":"https:\/\/hissforbundet.acrowd.se\/?page_id=494"},"modified":"2025-03-05T11:16:57","modified_gmt":"2025-03-05T09:16:57","slug":"karriar","status":"publish","type":"page","link":"https:\/\/www.hissforbundet.se\/en\/karriar\/","title":{"rendered":"Career"},"content":{"rendered":"<section  class=\"tebab-block-hero alignfull\" style=\"--heading-color: #4b8441;\">\n\n    <img loading=\"lazy\" decoding=\"async\" width=\"1920\" height=\"974\" src=\"https:\/\/www.hissforbundet.se\/wp-content\/uploads\/2024\/05\/653a4e490a8a4d1f12b65d96_fotograf-maja-brand-bredda-bilden-teknikforetagen-12-2-1920x974.png\" class=\"attachment-landscape size-landscape\" alt=\"\" srcset=\"https:\/\/www.hissforbundet.se\/wp-content\/uploads\/2024\/05\/653a4e490a8a4d1f12b65d96_fotograf-maja-brand-bredda-bilden-teknikforetagen-12-2-1920x974.png 1920w, https:\/\/www.hissforbundet.se\/wp-content\/uploads\/2024\/05\/653a4e490a8a4d1f12b65d96_fotograf-maja-brand-bredda-bilden-teknikforetagen-12-2-300x152.png 300w, https:\/\/www.hissforbundet.se\/wp-content\/uploads\/2024\/05\/653a4e490a8a4d1f12b65d96_fotograf-maja-brand-bredda-bilden-teknikforetagen-12-2-1024x519.png 1024w, https:\/\/www.hissforbundet.se\/wp-content\/uploads\/2024\/05\/653a4e490a8a4d1f12b65d96_fotograf-maja-brand-bredda-bilden-teknikforetagen-12-2-768x390.png 768w, https:\/\/www.hissforbundet.se\/wp-content\/uploads\/2024\/05\/653a4e490a8a4d1f12b65d96_fotograf-maja-brand-bredda-bilden-teknikforetagen-12-2-1536x779.png 1536w, https:\/\/www.hissforbundet.se\/wp-content\/uploads\/2024\/05\/653a4e490a8a4d1f12b65d96_fotograf-maja-brand-bredda-bilden-teknikforetagen-12-2-2048x1039.png 2048w\" sizes=\"(max-width: 1920px) 100vw, 1920px\" \/>\n    <div class=\"contained\">\n                <h1 class=\"tebab-block-hero__heading\">\n            You are needed!        <\/h1>\n\n                    <div class=\"tebab-block-hero__buttons\">\n                                    <a href=\"https:\/\/www.hissforbundet.se\/en\/fokusomraden\/kompetensforsorjning\/\" class=\"button primary\" target=\"\" rel=\"noreferrer\">Why you are needed in the elevator and escalator industry<\/a>\n                            <\/div>\n            <\/div>\n<\/section>\n\n\n<div style=\"height:var(--wp--preset--spacing--80)\" aria-hidden=\"true\" class=\"wp-block-spacer\"><\/div>\n\n\n\n<h1 class=\"wp-block-heading has-x-large-font-size\">Train as an elevator and escalator technician and help lift Sweden.<\/h1>\n\n\n\n<p>The elevator and escalator industry offers the opportunity for a developing career. Here we collect everything you need to know about an exciting career choice, such as training, contact with our member companies to apply for an internship (LIA) or a job and why you are needed!<\/p>\n\n\n\n<h2 class=\"wp-block-heading\"><strong>Work in a diverse industry <\/strong><\/h2>\n\n\n\n<p>Working with elevators and escalators means an exciting and varied everyday life. Depending on your interests, you can choose to specialize in different areas. There is also the opportunity to work in a broad role where no two days are the same.<\/p>\n\n\n\n<p><strong>You are needed, welcome!<\/strong><\/p>\n\n\n\n<div style=\"height:var(--wp--preset--spacing--80)\" aria-hidden=\"true\" class=\"wp-block-spacer\"><\/div>\n\n\n<section  class=\"tebab-block-split_screen alignfull image_alignment-left\">\n    <div class=\"contained\">\n        <div class=\"tebab-block-split_screen__image-wrapper\">\n            <img loading=\"lazy\" decoding=\"async\" width=\"800\" height=\"600\" src=\"https:\/\/www.hissforbundet.se\/wp-content\/uploads\/2024\/01\/LinusLindh3.jpg\" class=\"attachment-landscape size-landscape\" alt=\"\" srcset=\"https:\/\/www.hissforbundet.se\/wp-content\/uploads\/2024\/01\/LinusLindh3.jpg 800w, https:\/\/www.hissforbundet.se\/wp-content\/uploads\/2024\/01\/LinusLindh3-300x225.jpg 300w, https:\/\/www.hissforbundet.se\/wp-content\/uploads\/2024\/01\/LinusLindh3-768x576.jpg 768w\" sizes=\"(max-width: 800px) 100vw, 800px\" \/>        <\/div>\n\n        <div class=\"tebab-block-split_screen__content-wrapper\">\n            <h3 class=\"column-title\">Meet Linus Lindh, service technician &amp; CEO<\/h3>\n<p>\u201dI don&#039;t think there is any profession that is so free, challenging, fun and varied!\u201d<\/p>\n<p>Are you curious to know more about what it&#039;s like to work as an elevator technician? Linus Lindh is CEO of the elevator company Greve Jakob in Varberg and tells us why he became an elevator technician, what a typical day looks like and what it&#039;s like to run your own company in the elevator industry!<\/p>\n<p>&nbsp;<\/p>\n\n                            <div class=\"tebab-block-split_screen__buttons\">\n                                            <a href=\"https:\/\/www.hissforbundet.se\/en\/2024\/04\/12\/en-hissteknikers-vardag\/\" class=\"button primary\" target=\"1\" rel=\"noreferrer\">Read more<\/a>\n                                    <\/div>\n            \n        <\/div>\n    <\/div>\n<\/section>\n\n\n<div style=\"height:var(--wp--preset--spacing--80)\" aria-hidden=\"true\" class=\"wp-block-spacer\"><\/div>\n\n\n\n<figure class=\"wp-block-pullquote has-medium-font-size\"><blockquote><p><mark style=\"background-color:rgba(0, 0, 0, 0);color:#4b8441\" class=\"has-inline-color\"><strong>\u201d&quot;The urbanization trend in the country continues and metropolitan regions account for more than 60 percent of all construction investments. This means an increased elevator and escalator stock, and the need for modernization, care and maintenance is also constantly increasing. Combined with upcoming retirements, we have a critical need for competent employees, now and over the next 5-10 years.&quot;\u201d<\/strong><\/mark><\/p><cite><mark style=\"background-color:rgba(0, 0, 0, 0);color:#4b8441\" class=\"has-inline-color\">Daniel Nyman, Chairman of the Swedish Elevator Association<\/mark><\/cite><\/blockquote><\/figure>\n\n\n\n<div style=\"height:var(--wp--preset--spacing--80)\" aria-hidden=\"true\" class=\"wp-block-spacer\"><\/div>\n\n\n<section  class=\"tebab-block-split_screen alignfull image_alignment-right\">\n    <div class=\"contained\">\n        <div class=\"tebab-block-split_screen__image-wrapper\">\n            <img loading=\"lazy\" decoding=\"async\" width=\"800\" height=\"600\" src=\"https:\/\/www.hissforbundet.se\/wp-content\/uploads\/2024\/01\/SalimNadeem.jpg\" class=\"attachment-landscape size-landscape\" alt=\"\" srcset=\"https:\/\/www.hissforbundet.se\/wp-content\/uploads\/2024\/01\/SalimNadeem.jpg 800w, https:\/\/www.hissforbundet.se\/wp-content\/uploads\/2024\/01\/SalimNadeem-300x225.jpg 300w, https:\/\/www.hissforbundet.se\/wp-content\/uploads\/2024\/01\/SalimNadeem-768x576.jpg 768w\" sizes=\"(max-width: 800px) 100vw, 800px\" \/>        <\/div>\n\n        <div class=\"tebab-block-split_screen__content-wrapper\">\n            <h3 class=\"column-title\">Meet Nadeem Salim, Escalator Technician<\/h3>\n<p>\u201dI like to tinker.\u201d<\/p>\n<p>Are you curious to know more about what it&#039;s like to work as an escalator technician? Salim Nadeem, Kone, tells us why he became an escalator technician, what a typical day looks like, and what it&#039;s like to work for a global escalator company.<\/p>\n<p>&nbsp;<\/p>\n\n                            <div class=\"tebab-block-split_screen__buttons\">\n                                            <a href=\"https:\/\/www.hissforbundet.se\/en\/2024\/04\/12\/en-rulltrappsteknikers-vardag\/\" class=\"button primary\" target=\"1\" rel=\"noreferrer\">Read more<\/a>\n                                    <\/div>\n            \n        <\/div>\n    <\/div>\n<\/section>\n\n\n<div style=\"height:var(--wp--preset--spacing--80)\" aria-hidden=\"true\" class=\"wp-block-spacer\"><\/div>\n\n\n\n<figure class=\"wp-block-pullquote has-medium-font-size\"><blockquote><p><mark style=\"background-color:rgba(0, 0, 0, 0);color:#4b8441\" class=\"has-inline-color\"><strong>\u201dThe best thing about the education is the school premises, having access to so many tools and being part of building an elevator from scratch!\u201d<\/strong><\/mark><\/p><cite><mark style=\"background-color:rgba(0, 0, 0, 0);color:#4b8441\" class=\"has-inline-color\">Former student, Xenter Vocational College<\/mark><\/cite><\/blockquote><\/figure>\n\n\n\n<div style=\"height:var(--wp--preset--spacing--80)\" aria-hidden=\"true\" class=\"wp-block-spacer\"><\/div>\n\n\n<section  class=\"tebab-block-split_screen alignfull image_alignment-left\">\n    <div class=\"contained\">\n        <div class=\"tebab-block-split_screen__image-wrapper\">\n            <img loading=\"lazy\" decoding=\"async\" width=\"500\" height=\"500\" src=\"https:\/\/www.hissforbundet.se\/wp-content\/uploads\/2024\/01\/Oskar.png\" class=\"attachment-landscape size-landscape\" alt=\"\" srcset=\"https:\/\/www.hissforbundet.se\/wp-content\/uploads\/2024\/01\/Oskar.png 500w, https:\/\/www.hissforbundet.se\/wp-content\/uploads\/2024\/01\/Oskar-300x300.png 300w, https:\/\/www.hissforbundet.se\/wp-content\/uploads\/2024\/01\/Oskar-150x150.png 150w\" sizes=\"(max-width: 500px) 100vw, 500px\" \/>        <\/div>\n\n        <div class=\"tebab-block-split_screen__content-wrapper\">\n            <h3 class=\"column-title\">Could Xenter Vocational School be something for you? Meet Oskar Andersson, head teacher of elevators, Xenter Vocational School in Botkyrka outside Stockholm.<\/h3>\n<p class=\"column-text\">\u201dThe only prior knowledge needed is to be unafraid to try something new.\u201d<\/p>\n<p class=\"column-text\">Oskar Andersson is the head teacher in elevators at Xenter Vocational College in Botkyrka. We had a chat with Oskar about the 1-year training for service technicians in the elevator and escalator industry.<\/p>\n<p>&nbsp;<\/p>\n\n                            <div class=\"tebab-block-split_screen__buttons\">\n                                            <a href=\"https:\/\/www.hissforbundet.se\/en\/2024\/04\/12\/mot-oskar-andersson-huvudlarare-i-hiss-pa-xenter\/\" class=\"button primary\" target=\"1\" rel=\"noreferrer\">Read more<\/a>\n                                    <\/div>\n            \n        <\/div>\n    <\/div>\n<\/section>\n\n\n<div style=\"height:var(--wp--preset--spacing--80)\" aria-hidden=\"true\" class=\"wp-block-spacer\"><\/div>\n\n\n\n<figure class=\"wp-block-pullquote has-medium-font-size\"><blockquote><p><mark style=\"background-color:rgba(0, 0, 0, 0);color:#4b8441\" class=\"has-inline-color\"><strong>\u201dI have always dreamed of starting my own business, maybe I will do it in the elevator industry one day.\u201d<\/strong><\/mark><\/p><cite><mark style=\"background-color:rgba(0, 0, 0, 0);color:#4b8441\" class=\"has-inline-color\">Former student, Xenter Vocational College<\/mark><\/cite><\/blockquote><\/figure>\n\n\n\n<div style=\"height:var(--wp--preset--spacing--80)\" aria-hidden=\"true\" class=\"wp-block-spacer\"><\/div>\n\n\n\n<section  class=\"tebab-block-text_columns alignfull\">\n\t<div class=\"contained\">\n\t\t<div class=\"columns\">\n\t\t\t\t\t<\/div>\n\t<\/div>\n<\/section>\n\n\n<section  class=\"tebab-block-text_columns alignfull\">\n\t<div class=\"contained\">\n\t\t<div class=\"columns\">\n\t\t\t\t\t<\/div>\n\t<\/div>\n<\/section>\n\n\n<section  class=\"tebab-block-text_columns alignfull\">\n\t<div class=\"contained\">\n\t\t<div class=\"columns\">\n\t\t\t\t\t<\/div>\n\t<\/div>\n<\/section>\n\n<section  class=\"tebab-block-hero alignfull\" style=\"--heading-color: #4b8441;\">\n\n    <img loading=\"lazy\" decoding=\"async\" width=\"1000\" height=\"667\" src=\"https:\/\/www.hissforbundet.se\/wp-content\/uploads\/2024\/02\/shutterstock_1695997336.jpg\" class=\"attachment-landscape size-landscape\" alt=\"\" srcset=\"https:\/\/www.hissforbundet.se\/wp-content\/uploads\/2024\/02\/shutterstock_1695997336.jpg 1000w, https:\/\/www.hissforbundet.se\/wp-content\/uploads\/2024\/02\/shutterstock_1695997336-300x200.jpg 300w, https:\/\/www.hissforbundet.se\/wp-content\/uploads\/2024\/02\/shutterstock_1695997336-768x512.jpg 768w\" sizes=\"(max-width: 1000px) 100vw, 1000px\" \/>\n    <div class=\"contained\">\n                <h1 class=\"tebab-block-hero__heading\">\n            Find job vacancies &amp; internships        <\/h1>\n\n                    <div class=\"tebab-block-hero__buttons\">\n                                    <a href=\"https:\/\/www.hissforbundet.se\/en\/2024\/04\/12\/utbildningar-forkunskap\/\" class=\"button primary\" target=\"\" rel=\"noreferrer\">Education &amp; prior knowledge<\/a>\n                                    <a href=\"https:\/\/www.hissforbundet.se\/en\/medlemmar\/\" class=\"button styled\" target=\"\" rel=\"noreferrer\">Search company<\/a>\n                            <\/div>\n            <\/div>\n<\/section>\n\n\n<div style=\"height:100px\" aria-hidden=\"true\" class=\"wp-block-spacer\"><\/div>","protected":false},"excerpt":{"rendered":"<p>Utbilda dig till hiss- och rulltrappstekniker och var med och f\u00e5 Sverige att lyfta. Hiss- och rulltrappsbranschen ger m\u00f6jlighet till en utvecklande karri\u00e4r. H\u00e4r samlar vi allt du beh\u00f6ver veta om ett sp\u00e4nnande yrkesval, s\u00e5 som utbildningar, kontakt till v\u00e5ra medlemsf\u00f6retag f\u00f6r att s\u00f6ka praktik (LIA) eller jobb och varf\u00f6r just du beh\u00f6vs! Arbeta i [&hellip;]<\/p>","protected":false},"author":1,"featured_media":504,"parent":0,"menu_order":0,"comment_status":"closed","ping_status":"closed","template":"","meta":{"footnotes":""},"acf":[],"yoast_head":"<!-- This site is optimized with the Yoast SEO plugin v22.7 - https:\/\/yoast.com\/wordpress\/plugins\/seo\/ -->\n<title>Karri\u00e4r - Hissf\u00f6rbundet<\/title>\n<meta name=\"robots\" content=\"index, follow, max-snippet:-1, max-image-preview:large, max-video-preview:-1\" \/>\n<link rel=\"canonical\" href=\"https:\/\/www.hissforbundet.se\/en\/karriar\/\" \/>\n<meta property=\"og:locale\" content=\"en_US\" \/>\n<meta property=\"og:type\" content=\"article\" \/>\n<meta property=\"og:title\" content=\"Karri\u00e4r - Hissf\u00f6rbundet\" \/>\n<meta property=\"og:description\" content=\"Utbilda dig till hiss- och rulltrappstekniker och var med och f\u00e5 Sverige att lyfta. Hiss- och rulltrappsbranschen ger m\u00f6jlighet till en utvecklande karri\u00e4r. H\u00e4r samlar vi allt du beh\u00f6ver veta om ett sp\u00e4nnande yrkesval, s\u00e5 som utbildningar, kontakt till v\u00e5ra medlemsf\u00f6retag f\u00f6r att s\u00f6ka praktik (LIA) eller jobb och varf\u00f6r just du beh\u00f6vs! Arbeta i [&hellip;]\" \/>\n<meta property=\"og:url\" content=\"https:\/\/www.hissforbundet.se\/en\/karriar\/\" \/>\n<meta property=\"og:site_name\" content=\"Hissf\u00f6rbundet\" \/>\n<meta property=\"article:modified_time\" content=\"2025-03-05T09:16:57+00:00\" \/>\n<meta property=\"og:image\" content=\"https:\/\/www.hissforbundet.se\/wp-content\/uploads\/2024\/01\/shutterstock_2248503747.jpg\" \/>\n\t<meta property=\"og:image:width\" content=\"960\" \/>\n\t<meta property=\"og:image:height\" content=\"738\" \/>\n\t<meta property=\"og:image:type\" content=\"image\/jpeg\" \/>\n<meta name=\"twitter:card\" content=\"summary_large_image\" \/>\n<meta name=\"twitter:label1\" content=\"Est. reading time\" \/>\n\t<meta name=\"twitter:data1\" content=\"1 minute\" \/>\n<script type=\"application\/ld+json\" class=\"yoast-schema-graph\">{\"@context\":\"https:\/\/schema.org\",\"@graph\":[{\"@type\":\"WebPage\",\"@id\":\"https:\/\/www.hissforbundet.se\/karriar\/\",\"url\":\"https:\/\/www.hissforbundet.se\/karriar\/\",\"name\":\"Karri\u00e4r - Hissf\u00f6rbundet\",\"isPartOf\":{\"@id\":\"https:\/\/www.hissforbundet.se\/#website\"},\"primaryImageOfPage\":{\"@id\":\"https:\/\/www.hissforbundet.se\/karriar\/#primaryimage\"},\"image\":{\"@id\":\"https:\/\/www.hissforbundet.se\/karriar\/#primaryimage\"},\"thumbnailUrl\":\"https:\/\/www.hissforbundet.se\/wp-content\/uploads\/2024\/01\/shutterstock_2248503747.jpg\",\"datePublished\":\"2024-01-29T09:53:23+00:00\",\"dateModified\":\"2025-03-05T09:16:57+00:00\",\"breadcrumb\":{\"@id\":\"https:\/\/www.hissforbundet.se\/karriar\/#breadcrumb\"},\"inLanguage\":\"en-US\",\"potentialAction\":[{\"@type\":\"ReadAction\",\"target\":[\"https:\/\/www.hissforbundet.se\/karriar\/\"]}]},{\"@type\":\"ImageObject\",\"inLanguage\":\"en-US\",\"@id\":\"https:\/\/www.hissforbundet.se\/karriar\/#primaryimage\",\"url\":\"https:\/\/www.hissforbundet.se\/wp-content\/uploads\/2024\/01\/shutterstock_2248503747.jpg\",\"contentUrl\":\"https:\/\/www.hissforbundet.se\/wp-content\/uploads\/2024\/01\/shutterstock_2248503747.jpg\",\"width\":960,\"height\":738,\"caption\":\"A young male IT worker is waiting for the elevator. The concept of work in the office.\"},{\"@type\":\"BreadcrumbList\",\"@id\":\"https:\/\/www.hissforbundet.se\/karriar\/#breadcrumb\",\"itemListElement\":[{\"@type\":\"ListItem\",\"position\":1,\"name\":\"Home\",\"item\":\"https:\/\/www.hissforbundet.se\/\"},{\"@type\":\"ListItem\",\"position\":2,\"name\":\"Karri\u00e4r\"}]},{\"@type\":\"WebSite\",\"@id\":\"https:\/\/www.hissforbundet.se\/#website\",\"url\":\"https:\/\/www.hissforbundet.se\/\",\"name\":\"Hissf\u00f6rbundet\",\"description\":\"H\u00f6jd s\u00e4kerhet och \u00f6kad levnadsstandard\",\"publisher\":{\"@id\":\"https:\/\/www.hissforbundet.se\/#organization\"},\"potentialAction\":[{\"@type\":\"SearchAction\",\"target\":{\"@type\":\"EntryPoint\",\"urlTemplate\":\"https:\/\/www.hissforbundet.se\/?s={search_term_string}\"},\"query-input\":\"required name=search_term_string\"}],\"inLanguage\":\"en-US\"},{\"@type\":\"Organization\",\"@id\":\"https:\/\/www.hissforbundet.se\/#organization\",\"name\":\"Hissf\u00f6rbundet\",\"url\":\"https:\/\/www.hissforbundet.se\/\",\"logo\":{\"@type\":\"ImageObject\",\"inLanguage\":\"en-US\",\"@id\":\"https:\/\/www.hissforbundet.se\/#\/schema\/logo\/image\/\",\"url\":\"https:\/\/www.hissforbundet.se\/wp-content\/uploads\/2023\/11\/Hissforbundet-logotyp.png\",\"contentUrl\":\"https:\/\/www.hissforbundet.se\/wp-content\/uploads\/2023\/11\/Hissforbundet-logotyp.png\",\"width\":3543,\"height\":469,\"caption\":\"Hissf\u00f6rbundet\"},\"image\":{\"@id\":\"https:\/\/www.hissforbundet.se\/#\/schema\/logo\/image\/\"}}]}<\/script>\n<!-- \/ Yoast SEO plugin. -->","yoast_head_json":{"title":"Karri\u00e4r - Hissf\u00f6rbundet","robots":{"index":"index","follow":"follow","max-snippet":"max-snippet:-1","max-image-preview":"max-image-preview:large","max-video-preview":"max-video-preview:-1"},"canonical":"https:\/\/www.hissforbundet.se\/en\/karriar\/","og_locale":"en_US","og_type":"article","og_title":"Karri\u00e4r - Hissf\u00f6rbundet","og_description":"Utbilda dig till hiss- och rulltrappstekniker och var med och f\u00e5 Sverige att lyfta. Hiss- och rulltrappsbranschen ger m\u00f6jlighet till en utvecklande karri\u00e4r. H\u00e4r samlar vi allt du beh\u00f6ver veta om ett sp\u00e4nnande yrkesval, s\u00e5 som utbildningar, kontakt till v\u00e5ra medlemsf\u00f6retag f\u00f6r att s\u00f6ka praktik (LIA) eller jobb och varf\u00f6r just du beh\u00f6vs! Arbeta i [&hellip;]","og_url":"https:\/\/www.hissforbundet.se\/en\/karriar\/","og_site_name":"Hissf\u00f6rbundet","article_modified_time":"2025-03-05T09:16:57+00:00","og_image":[{"width":960,"height":738,"url":"https:\/\/www.hissforbundet.se\/wp-content\/uploads\/2024\/01\/shutterstock_2248503747.jpg","type":"image\/jpeg"}],"twitter_card":"summary_large_image","twitter_misc":{"Est. reading time":"1 minute"},"schema":{"@context":"https:\/\/schema.org","@graph":[{"@type":"WebPage","@id":"https:\/\/www.hissforbundet.se\/karriar\/","url":"https:\/\/www.hissforbundet.se\/karriar\/","name":"Karri\u00e4r - Hissf\u00f6rbundet","isPartOf":{"@id":"https:\/\/www.hissforbundet.se\/#website"},"primaryImageOfPage":{"@id":"https:\/\/www.hissforbundet.se\/karriar\/#primaryimage"},"image":{"@id":"https:\/\/www.hissforbundet.se\/karriar\/#primaryimage"},"thumbnailUrl":"https:\/\/www.hissforbundet.se\/wp-content\/uploads\/2024\/01\/shutterstock_2248503747.jpg","datePublished":"2024-01-29T09:53:23+00:00","dateModified":"2025-03-05T09:16:57+00:00","breadcrumb":{"@id":"https:\/\/www.hissforbundet.se\/karriar\/#breadcrumb"},"inLanguage":"en-US","potentialAction":[{"@type":"ReadAction","target":["https:\/\/www.hissforbundet.se\/karriar\/"]}]},{"@type":"ImageObject","inLanguage":"en-US","@id":"https:\/\/www.hissforbundet.se\/karriar\/#primaryimage","url":"https:\/\/www.hissforbundet.se\/wp-content\/uploads\/2024\/01\/shutterstock_2248503747.jpg","contentUrl":"https:\/\/www.hissforbundet.se\/wp-content\/uploads\/2024\/01\/shutterstock_2248503747.jpg","width":960,"height":738,"caption":"A young male IT worker is waiting for the elevator. The concept of work in the office."},{"@type":"BreadcrumbList","@id":"https:\/\/www.hissforbundet.se\/karriar\/#breadcrumb","itemListElement":[{"@type":"ListItem","position":1,"name":"Home","item":"https:\/\/www.hissforbundet.se\/"},{"@type":"ListItem","position":2,"name":"Karri\u00e4r"}]},{"@type":"WebSite","@id":"https:\/\/www.hissforbundet.se\/#website","url":"https:\/\/www.hissforbundet.se\/","name":"The Elevator Association","description":"Increased security and increased standard of living","publisher":{"@id":"https:\/\/www.hissforbundet.se\/#organization"},"potentialAction":[{"@type":"SearchAction","target":{"@type":"EntryPoint","urlTemplate":"https:\/\/www.hissforbundet.se\/?s={search_term_string}"},"query-input":"required name=search_term_string"}],"inLanguage":"en-US"},{"@type":"Organization","@id":"https:\/\/www.hissforbundet.se\/#organization","name":"The Elevator Association","url":"https:\/\/www.hissforbundet.se\/","logo":{"@type":"ImageObject","inLanguage":"en-US","@id":"https:\/\/www.hissforbundet.se\/#\/schema\/logo\/image\/","url":"https:\/\/www.hissforbundet.se\/wp-content\/uploads\/2023\/11\/Hissforbundet-logotyp.png","contentUrl":"https:\/\/www.hissforbundet.se\/wp-content\/uploads\/2023\/11\/Hissforbundet-logotyp.png","width":3543,"height":469,"caption":"Hissf\u00f6rbundet"},"image":{"@id":"https:\/\/www.hissforbundet.se\/#\/schema\/logo\/image\/"}}]}},"_links":{"self":[{"href":"https:\/\/www.hissforbundet.se\/en\/wp-json\/wp\/v2\/pages\/494"}],"collection":[{"href":"https:\/\/www.hissforbundet.se\/en\/wp-json\/wp\/v2\/pages"}],"about":[{"href":"https:\/\/www.hissforbundet.se\/en\/wp-json\/wp\/v2\/types\/page"}],"author":[{"embeddable":true,"href":"https:\/\/www.hissforbundet.se\/en\/wp-json\/wp\/v2\/users\/1"}],"replies":[{"embeddable":true,"href":"https:\/\/www.hissforbundet.se\/en\/wp-json\/wp\/v2\/comments?post=494"}],"version-history":[{"count":57,"href":"https:\/\/www.hissforbundet.se\/en\/wp-json\/wp\/v2\/pages\/494\/revisions"}],"predecessor-version":[{"id":2095,"href":"https:\/\/www.hissforbundet.se\/en\/wp-json\/wp\/v2\/pages\/494\/revisions\/2095"}],"wp:featuredmedia":[{"embeddable":true,"href":"https:\/\/www.hissforbundet.se\/en\/wp-json\/wp\/v2\/media\/504"}],"wp:attachment":[{"href":"https:\/\/www.hissforbundet.se\/en\/wp-json\/wp\/v2\/media?parent=494"}],"curies":[{"name":"wp","href":"https:\/\/api.w.org\/{rel}","templated":true}]}}