{"id":455,"date":"2024-01-17T12:52:38","date_gmt":"2024-01-17T12:52:38","guid":{"rendered":"https:\/\/hissforbundet.acrowd.se\/?page_id=455"},"modified":"2026-01-13T12:32:20","modified_gmt":"2026-01-13T10:32:20","slug":"kontakt","status":"publish","type":"page","link":"https:\/\/www.hissforbundet.se\/en\/kontakt\/","title":{"rendered":"Kontakt"},"content":{"rendered":"<div style=\"height:var(--wp--preset--spacing--80)\" aria-hidden=\"true\" class=\"wp-block-spacer\"><\/div>\n\n\n\n<div class=\"wp-block-columns is-layout-flex wp-container-core-columns-is-layout-1 wp-block-columns-is-layout-flex\">\n<div class=\"wp-block-column is-layout-flow wp-block-column-is-layout-flow\">\n<h2 class=\"wp-block-heading has-x-large-font-size\">Contact us<\/h2>\n\n\n\n<p>The Swedish Association of Lifts and Escalators, Hissf\u00f6rbundet, has been the Swedish trade association for companies that manufacture, install and maintain elevators and escalators since 1992.<\/p>\n<\/div>\n\n\n\n<div class=\"wp-block-column is-layout-flow wp-block-column-is-layout-flow\"><div  class=\"tebab-block-icon_list\">\n            <div class=\"row\">\n            <div class=\"wrapper\">\n                <img decoding=\"async\" src=\"https:\/\/www.hissforbundet.se\/wp-content\/uploads\/2024\/03\/Snabel-a.png\" alt=\"\">\n            <\/div>\n                            <a href=\"mailto:Kansliet@hissforbundet.se\" class=\"text h4\">\n                    Kansliet@hissforbundet.se                <\/a>\n                    <\/div>\n            <div class=\"row\">\n            <div class=\"wrapper\">\n                <img decoding=\"async\" src=\"https:\/\/www.hissforbundet.se\/wp-content\/uploads\/2024\/03\/Telefon.png\" alt=\"\">\n            <\/div>\n                            <a href=\"Tel:+4672-180 99 75\" class=\"text h4\">\n                    +46 (0)72-180 99 75                <\/a>\n                    <\/div>\n            <div class=\"row\">\n            <div class=\"wrapper\">\n                <img decoding=\"async\" src=\"https:\/\/www.hissforbundet.se\/wp-content\/uploads\/2024\/03\/Post.png\" alt=\"\">\n            <\/div>\n                            <div class=\"text h4\">\n                    Box 70476, 107 26 Stockholm                <\/div>\n                    <\/div>\n            <div class=\"row\">\n            <div class=\"wrapper\">\n                <img decoding=\"async\" src=\"https:\/\/www.hissforbundet.se\/wp-content\/uploads\/2024\/03\/Pin.png\" alt=\"\">\n            <\/div>\n                            <div class=\"text h4\">\n                    Kungsgatan 37, Stockholm                <\/div>\n                    <\/div>\n    <\/div><\/div>\n<\/div>\n\n\n\n<div style=\"height:var(--wp--preset--spacing--80)\" aria-hidden=\"true\" class=\"wp-block-spacer\"><\/div>\n\n\n\n<h1 class=\"wp-block-heading alignwide\">The Finnish Elevator Association&#039;s office<\/h1>\n\n\n<section  class=\"tebab-block-person_grid alignwide layout-small\">\n    <div class=\"contained\">\n        <div class=\"grid\">\n            <div class=\"person-card\">\n    \n            <div class=\"featured_image\">\n            <img loading=\"lazy\" decoding=\"async\" width=\"150\" height=\"150\" src=\"https:\/\/www.hissforbundet.se\/wp-content\/uploads\/2024\/01\/Sara-Berggren_low-150x150.jpg\" class=\"attachment-thumbnail size-thumbnail\" alt=\"\" \/>        <\/div>\n    \n    <div class=\"content-wrapper\">\n        <div class=\"top\">\n                            <div class=\"title\">\n                    The Elevator Association                <\/div>\n                    <\/div>\n        \n        <h3>Sara Berggren<\/h3>\n\n                    <div class=\"excerpt\">\n                Secretary General, Swedish Elevator Association            <\/div>\n        \n        <div class=\"links\">\n                            <a href=\"tel:+46 (0)72-180 99 75\">\n                    <div class=\"icon icon-phone\"><\/div> +46 (0)72-180 99 75                <\/a>\n            \n                            <a href=\"mailto:sara.berggren@sinf.se\">\n                    <div class=\"icon icon-envelope\"><\/div> sara.berggren@sinf.se                <\/a>\n                    <\/div>\n        \n    <\/div>\n<\/div>        <\/div>\n    <\/div>\n<\/section>\n\n\n<div style=\"height:var(--wp--preset--spacing--80)\" aria-hidden=\"true\" class=\"wp-block-spacer\"><\/div>\n\n\n\n<h1 class=\"wp-block-heading alignwide\">Chairman &amp; Committee Chairs<\/h1>\n\n\n<section  class=\"tebab-block-person_grid alignwide layout-small\">\n    <div class=\"contained\">\n        <div class=\"grid\">\n            <div class=\"person-card\">\n    \n            <div class=\"featured_image\">\n            <img loading=\"lazy\" decoding=\"async\" width=\"150\" height=\"150\" src=\"https:\/\/www.hissforbundet.se\/wp-content\/uploads\/2024\/01\/Daniel-Nyman-ordf-Hissforbundet-kalla-Motum-mindre-150x150.jpg\" class=\"attachment-thumbnail size-thumbnail\" alt=\"\" \/>        <\/div>\n    \n    <div class=\"content-wrapper\">\n        <div class=\"top\">\n                            <div class=\"title\">\n                    Ascenco                <\/div>\n                    <\/div>\n        \n        <h3>Daniel Nyman<\/h3>\n\n                    <div class=\"excerpt\">\n                Chairman of the Board, Swedish Elevator Association            <\/div>\n        \n        <div class=\"links\">\n            \n                            <a href=\"mailto:daniel.nyman@ascencogroup.com\">\n                    <div class=\"icon icon-envelope\"><\/div> daniel.nyman@ascencogroup.com                <\/a>\n                    <\/div>\n        \n    <\/div>\n<\/div><div class=\"person-card\">\n    \n            <div class=\"featured_image\">\n            <img loading=\"lazy\" decoding=\"async\" width=\"150\" height=\"150\" src=\"https:\/\/www.hissforbundet.se\/wp-content\/uploads\/2024\/01\/Styrbjorn-Andren-ordf-utbildningskommiteen-Kone-150x150.jpg\" class=\"attachment-thumbnail size-thumbnail\" alt=\"\" srcset=\"https:\/\/www.hissforbundet.se\/wp-content\/uploads\/2024\/01\/Styrbjorn-Andren-ordf-utbildningskommiteen-Kone-150x150.jpg 150w, https:\/\/www.hissforbundet.se\/wp-content\/uploads\/2024\/01\/Styrbjorn-Andren-ordf-utbildningskommiteen-Kone-300x300.jpg 300w, https:\/\/www.hissforbundet.se\/wp-content\/uploads\/2024\/01\/Styrbjorn-Andren-ordf-utbildningskommiteen-Kone-1024x1024.jpg 1024w, https:\/\/www.hissforbundet.se\/wp-content\/uploads\/2024\/01\/Styrbjorn-Andren-ordf-utbildningskommiteen-Kone-768x768.jpg 768w, https:\/\/www.hissforbundet.se\/wp-content\/uploads\/2024\/01\/Styrbjorn-Andren-ordf-utbildningskommiteen-Kone-1536x1536.jpg 1536w, https:\/\/www.hissforbundet.se\/wp-content\/uploads\/2024\/01\/Styrbjorn-Andren-ordf-utbildningskommiteen-Kone-1080x1080.jpg 1080w, https:\/\/www.hissforbundet.se\/wp-content\/uploads\/2024\/01\/Styrbjorn-Andren-ordf-utbildningskommiteen-Kone.jpg 1978w\" sizes=\"(max-width: 150px) 100vw, 150px\" \/>        <\/div>\n    \n    <div class=\"content-wrapper\">\n        <div class=\"top\">\n                            <div class=\"title\">\n                    Hydroware                <\/div>\n                    <\/div>\n        \n        <h3>Styrbjorn Andr\u00e9n<\/h3>\n\n                    <div class=\"excerpt\">\n                Chairman, Education Committee, Nomination Committee<br \/>\r\n<br \/>\r\nThe Education Committee leads the collaboration with external education within the University of Applied Sciences and is responsible for the Elevator Association&#039;s own course activities.<br \/>\r\n            <\/div>\n        \n        <div class=\"links\">\n            \n                            <a href=\"mailto:styrbjorn.andren@hydroware.se\">\n                    <div class=\"icon icon-envelope\"><\/div> styrbjorn.andren@hydroware.se                <\/a>\n                    <\/div>\n        \n    <\/div>\n<\/div><div class=\"person-card\">\n    \n            <div class=\"featured_image\">\n            <img loading=\"lazy\" decoding=\"async\" width=\"150\" height=\"150\" src=\"https:\/\/www.hissforbundet.se\/wp-content\/uploads\/2024\/01\/Patrik-Agardh-kvadrat-150x150.jpg\" class=\"attachment-thumbnail size-thumbnail\" alt=\"\" srcset=\"https:\/\/www.hissforbundet.se\/wp-content\/uploads\/2024\/01\/Patrik-Agardh-kvadrat-150x150.jpg 150w, https:\/\/www.hissforbundet.se\/wp-content\/uploads\/2024\/01\/Patrik-Agardh-kvadrat-300x300.jpg 300w, https:\/\/www.hissforbundet.se\/wp-content\/uploads\/2024\/01\/Patrik-Agardh-kvadrat-768x767.jpg 768w, https:\/\/www.hissforbundet.se\/wp-content\/uploads\/2024\/01\/Patrik-Agardh-kvadrat.jpg 801w\" sizes=\"(max-width: 150px) 100vw, 150px\" \/>        <\/div>\n    \n    <div class=\"content-wrapper\">\n        <div class=\"top\">\n                            <div class=\"title\">\n                    Wife                <\/div>\n                    <\/div>\n        \n        <h3>Patrick Agardh<\/h3>\n\n                    <div class=\"excerpt\">\n                Chairman, Technology and Safety Committee<br \/>\r\n<br \/>\r\nThe Technology and Safety Committee is the Swedish Elevator Association&#039;s largest committee, focusing on issues related to safety, technology, and regulations and standards.            <\/div>\n        \n        <div class=\"links\">\n            \n                            <a href=\"mailto:patrik.agardh@kone.com\">\n                    <div class=\"icon icon-envelope\"><\/div> patrik.agardh@kone.com                <\/a>\n                    <\/div>\n        \n    <\/div>\n<\/div><div class=\"person-card\">\n    \n            <div class=\"featured_image\">\n            <img loading=\"lazy\" decoding=\"async\" width=\"150\" height=\"150\" src=\"https:\/\/www.hissforbundet.se\/wp-content\/uploads\/2024\/01\/Vendela_Dellner-1030x518-1-150x150.jpg\" class=\"attachment-thumbnail size-thumbnail\" alt=\"\" \/>        <\/div>\n    \n    <div class=\"content-wrapper\">\n        <div class=\"top\">\n                            <div class=\"title\">\n                    Opposite                <\/div>\n                    <\/div>\n        \n        <h3>Vendela Dellner<\/h3>\n\n                    <div class=\"excerpt\">\n                Chairman, Communications Committee<br \/>\r\n<br \/>\r\nThe Communications Committee runs and coordinates the association&#039;s communication, marketing and advocacy work together with the Swedish Elevator Association&#039;s marketing communicator.            <\/div>\n        \n        <div class=\"links\">\n            \n                            <a href=\"mailto:vendela.dellner@motum.se\">\n                    <div class=\"icon icon-envelope\"><\/div> vendela.dellner@motum.se                <\/a>\n                    <\/div>\n        \n    <\/div>\n<\/div>        <\/div>\n    <\/div>\n<\/section>\n\n\n<div style=\"height:100px\" aria-hidden=\"true\" class=\"wp-block-spacer\"><\/div>\n\n\n\n<div class=\"wp-block-group alignwide tebab-form-image is-content-justification-left is-nowrap is-layout-flex wp-container-core-group-is-layout-2 wp-block-group-is-layout-flex\">\n<figure class=\"wp-block-image size-full is-resized is-style-rounded\"><img loading=\"lazy\" decoding=\"async\" width=\"1000\" height=\"667\" src=\"https:\/\/www.hissforbundet.se\/wp-content\/uploads\/2023\/10\/shutterstock_2376547335.jpg\" alt=\"\" class=\"wp-image-48\" style=\"aspect-ratio:1;object-fit:cover;width:696px;height:auto\" srcset=\"https:\/\/www.hissforbundet.se\/wp-content\/uploads\/2023\/10\/shutterstock_2376547335.jpg 1000w, https:\/\/www.hissforbundet.se\/wp-content\/uploads\/2023\/10\/shutterstock_2376547335-300x200.jpg 300w, https:\/\/www.hissforbundet.se\/wp-content\/uploads\/2023\/10\/shutterstock_2376547335-768x512.jpg 768w\" sizes=\"(max-width: 1000px) 100vw, 1000px\" \/><\/figure>\n\n\n\n<div class=\"wp-block-group tebab-form-image__content has-white-background-color has-background wp-container-content-1 is-layout-flow wp-block-group-is-layout-flow\">\n<h2 class=\"wp-block-heading\">Please contact us!<\/h2>\n\n\n<section  class=\"tebab-block-form\">\n    <form data-tebab-form=\"block_78ba94000e99c8d8f55d1f20844d8450\" data-tebab-page=\"455\" action=\"\">\n        <label class=\"input-wrapper\" for=\"meddelande\">\n    <span>Message:<\/span>\n    <textarea type=\"text\" name=\"meddelande\" id=\"meddelande\" placeholder=\"\"  rows=\"6\"><\/textarea>\n<\/label><label class=\"input-wrapper\" for=\"namn\">\n    <span>Name:<\/span>\n    <input type=\"text\" name=\"namn\" id=\"namn\" placeholder=\"\" >\n<\/label><label class=\"input-wrapper required\" for=\"e-post\">\n    <span>Email: *<\/span>\n    <input type=\"email\" name=\"e-post\" id=\"e-post\" placeholder=\"\" required>\n<\/label>\n        <div class=\"input-wrapper\">\n            <button type=\"submit\" class=\"button\">Send<\/button>\n        <\/div>\n\n            <input type=\"hidden\" name=\"trp-form-language\" value=\"en\"\/><\/form>\n<\/section><\/div>\n<\/div>\n\n\n\n<div style=\"height:100px\" aria-hidden=\"true\" class=\"wp-block-spacer\"><\/div>","protected":false},"excerpt":{"rendered":"<p>Kontakta oss Hissf\u00f6rbundet, the Swedish Association of Lifts and Escalators, \u00e4r sedan 1992 den svenska branschf\u00f6reningen f\u00f6r f\u00f6retag som tillverkar, monterar och underh\u00e5ller hissar och rulltrappor. Hissf\u00f6rbundets kansli Ordf\u00f6rande &amp; kommitt\u00e9ordf\u00f6randen Kontakta oss g\u00e4rna!<\/p>","protected":false},"author":1,"featured_media":0,"parent":0,"menu_order":0,"comment_status":"closed","ping_status":"closed","template":"","meta":{"footnotes":""},"acf":[],"yoast_head":"<!-- This site is optimized with the Yoast SEO plugin v22.7 - https:\/\/yoast.com\/wordpress\/plugins\/seo\/ -->\n<title>Kontakt - Hissf\u00f6rbundet<\/title>\n<meta name=\"robots\" content=\"index, follow, max-snippet:-1, max-image-preview:large, max-video-preview:-1\" \/>\n<link rel=\"canonical\" href=\"https:\/\/www.hissforbundet.se\/en\/kontakt\/\" \/>\n<meta property=\"og:locale\" content=\"en_US\" \/>\n<meta property=\"og:type\" content=\"article\" \/>\n<meta property=\"og:title\" content=\"Kontakt - Hissf\u00f6rbundet\" \/>\n<meta property=\"og:description\" content=\"Kontakta oss Hissf\u00f6rbundet, the Swedish Association of Lifts and Escalators, \u00e4r sedan 1992 den svenska branschf\u00f6reningen f\u00f6r f\u00f6retag som tillverkar, monterar och underh\u00e5ller hissar och rulltrappor. Hissf\u00f6rbundets kansli Ordf\u00f6rande &amp; kommitt\u00e9ordf\u00f6randen Kontakta oss g\u00e4rna!\" \/>\n<meta property=\"og:url\" content=\"https:\/\/www.hissforbundet.se\/en\/kontakt\/\" \/>\n<meta property=\"og:site_name\" content=\"Hissf\u00f6rbundet\" \/>\n<meta property=\"article:modified_time\" content=\"2026-01-13T10:32:20+00:00\" \/>\n<meta property=\"og:image\" content=\"https:\/\/www.hissforbundet.se\/wp-content\/uploads\/2023\/10\/shutterstock_2376547335.jpg\" \/>\n<meta name=\"twitter:card\" content=\"summary_large_image\" \/>\n<meta name=\"twitter:label1\" content=\"Est. reading time\" \/>\n\t<meta name=\"twitter:data1\" content=\"1 minute\" \/>\n<script type=\"application\/ld+json\" class=\"yoast-schema-graph\">{\"@context\":\"https:\/\/schema.org\",\"@graph\":[{\"@type\":\"WebPage\",\"@id\":\"https:\/\/www.hissforbundet.se\/kontakt\/\",\"url\":\"https:\/\/www.hissforbundet.se\/kontakt\/\",\"name\":\"Kontakt - Hissf\u00f6rbundet\",\"isPartOf\":{\"@id\":\"https:\/\/www.hissforbundet.se\/#website\"},\"primaryImageOfPage\":{\"@id\":\"https:\/\/www.hissforbundet.se\/kontakt\/#primaryimage\"},\"image\":{\"@id\":\"https:\/\/www.hissforbundet.se\/kontakt\/#primaryimage\"},\"thumbnailUrl\":\"https:\/\/www.hissforbundet.se\/wp-content\/uploads\/2023\/10\/shutterstock_2376547335.jpg\",\"datePublished\":\"2024-01-17T12:52:38+00:00\",\"dateModified\":\"2026-01-13T10:32:20+00:00\",\"breadcrumb\":{\"@id\":\"https:\/\/www.hissforbundet.se\/kontakt\/#breadcrumb\"},\"inLanguage\":\"en-US\",\"potentialAction\":[{\"@type\":\"ReadAction\",\"target\":[\"https:\/\/www.hissforbundet.se\/kontakt\/\"]}]},{\"@type\":\"ImageObject\",\"inLanguage\":\"en-US\",\"@id\":\"https:\/\/www.hissforbundet.se\/kontakt\/#primaryimage\",\"url\":\"https:\/\/www.hissforbundet.se\/wp-content\/uploads\/2023\/10\/shutterstock_2376547335.jpg\",\"contentUrl\":\"https:\/\/www.hissforbundet.se\/wp-content\/uploads\/2023\/10\/shutterstock_2376547335.jpg\"},{\"@type\":\"BreadcrumbList\",\"@id\":\"https:\/\/www.hissforbundet.se\/kontakt\/#breadcrumb\",\"itemListElement\":[{\"@type\":\"ListItem\",\"position\":1,\"name\":\"Home\",\"item\":\"https:\/\/www.hissforbundet.se\/\"},{\"@type\":\"ListItem\",\"position\":2,\"name\":\"Kontakt\"}]},{\"@type\":\"WebSite\",\"@id\":\"https:\/\/www.hissforbundet.se\/#website\",\"url\":\"https:\/\/www.hissforbundet.se\/\",\"name\":\"Hissf\u00f6rbundet\",\"description\":\"H\u00f6jd s\u00e4kerhet och \u00f6kad levnadsstandard\",\"publisher\":{\"@id\":\"https:\/\/www.hissforbundet.se\/#organization\"},\"potentialAction\":[{\"@type\":\"SearchAction\",\"target\":{\"@type\":\"EntryPoint\",\"urlTemplate\":\"https:\/\/www.hissforbundet.se\/?s={search_term_string}\"},\"query-input\":\"required name=search_term_string\"}],\"inLanguage\":\"en-US\"},{\"@type\":\"Organization\",\"@id\":\"https:\/\/www.hissforbundet.se\/#organization\",\"name\":\"Hissf\u00f6rbundet\",\"url\":\"https:\/\/www.hissforbundet.se\/\",\"logo\":{\"@type\":\"ImageObject\",\"inLanguage\":\"en-US\",\"@id\":\"https:\/\/www.hissforbundet.se\/#\/schema\/logo\/image\/\",\"url\":\"https:\/\/www.hissforbundet.se\/wp-content\/uploads\/2023\/11\/Hissforbundet-logotyp.png\",\"contentUrl\":\"https:\/\/www.hissforbundet.se\/wp-content\/uploads\/2023\/11\/Hissforbundet-logotyp.png\",\"width\":3543,\"height\":469,\"caption\":\"Hissf\u00f6rbundet\"},\"image\":{\"@id\":\"https:\/\/www.hissforbundet.se\/#\/schema\/logo\/image\/\"}}]}<\/script>\n<!-- \/ Yoast SEO plugin. -->","yoast_head_json":{"title":"Kontakt - Hissf\u00f6rbundet","robots":{"index":"index","follow":"follow","max-snippet":"max-snippet:-1","max-image-preview":"max-image-preview:large","max-video-preview":"max-video-preview:-1"},"canonical":"https:\/\/www.hissforbundet.se\/en\/kontakt\/","og_locale":"en_US","og_type":"article","og_title":"Kontakt - Hissf\u00f6rbundet","og_description":"Kontakta oss Hissf\u00f6rbundet, the Swedish Association of Lifts and Escalators, \u00e4r sedan 1992 den svenska branschf\u00f6reningen f\u00f6r f\u00f6retag som tillverkar, monterar och underh\u00e5ller hissar och rulltrappor. Hissf\u00f6rbundets kansli Ordf\u00f6rande &amp; kommitt\u00e9ordf\u00f6randen Kontakta oss g\u00e4rna!","og_url":"https:\/\/www.hissforbundet.se\/en\/kontakt\/","og_site_name":"Hissf\u00f6rbundet","article_modified_time":"2026-01-13T10:32:20+00:00","og_image":[{"url":"https:\/\/www.hissforbundet.se\/wp-content\/uploads\/2023\/10\/shutterstock_2376547335.jpg"}],"twitter_card":"summary_large_image","twitter_misc":{"Est. reading time":"1 minute"},"schema":{"@context":"https:\/\/schema.org","@graph":[{"@type":"WebPage","@id":"https:\/\/www.hissforbundet.se\/kontakt\/","url":"https:\/\/www.hissforbundet.se\/kontakt\/","name":"Kontakt - Hissf\u00f6rbundet","isPartOf":{"@id":"https:\/\/www.hissforbundet.se\/#website"},"primaryImageOfPage":{"@id":"https:\/\/www.hissforbundet.se\/kontakt\/#primaryimage"},"image":{"@id":"https:\/\/www.hissforbundet.se\/kontakt\/#primaryimage"},"thumbnailUrl":"https:\/\/www.hissforbundet.se\/wp-content\/uploads\/2023\/10\/shutterstock_2376547335.jpg","datePublished":"2024-01-17T12:52:38+00:00","dateModified":"2026-01-13T10:32:20+00:00","breadcrumb":{"@id":"https:\/\/www.hissforbundet.se\/kontakt\/#breadcrumb"},"inLanguage":"en-US","potentialAction":[{"@type":"ReadAction","target":["https:\/\/www.hissforbundet.se\/kontakt\/"]}]},{"@type":"ImageObject","inLanguage":"en-US","@id":"https:\/\/www.hissforbundet.se\/kontakt\/#primaryimage","url":"https:\/\/www.hissforbundet.se\/wp-content\/uploads\/2023\/10\/shutterstock_2376547335.jpg","contentUrl":"https:\/\/www.hissforbundet.se\/wp-content\/uploads\/2023\/10\/shutterstock_2376547335.jpg"},{"@type":"BreadcrumbList","@id":"https:\/\/www.hissforbundet.se\/kontakt\/#breadcrumb","itemListElement":[{"@type":"ListItem","position":1,"name":"Home","item":"https:\/\/www.hissforbundet.se\/"},{"@type":"ListItem","position":2,"name":"Kontakt"}]},{"@type":"WebSite","@id":"https:\/\/www.hissforbundet.se\/#website","url":"https:\/\/www.hissforbundet.se\/","name":"The Elevator Association","description":"Increased security and increased standard of living","publisher":{"@id":"https:\/\/www.hissforbundet.se\/#organization"},"potentialAction":[{"@type":"SearchAction","target":{"@type":"EntryPoint","urlTemplate":"https:\/\/www.hissforbundet.se\/?s={search_term_string}"},"query-input":"required name=search_term_string"}],"inLanguage":"en-US"},{"@type":"Organization","@id":"https:\/\/www.hissforbundet.se\/#organization","name":"The Elevator Association","url":"https:\/\/www.hissforbundet.se\/","logo":{"@type":"ImageObject","inLanguage":"en-US","@id":"https:\/\/www.hissforbundet.se\/#\/schema\/logo\/image\/","url":"https:\/\/www.hissforbundet.se\/wp-content\/uploads\/2023\/11\/Hissforbundet-logotyp.png","contentUrl":"https:\/\/www.hissforbundet.se\/wp-content\/uploads\/2023\/11\/Hissforbundet-logotyp.png","width":3543,"height":469,"caption":"Hissf\u00f6rbundet"},"image":{"@id":"https:\/\/www.hissforbundet.se\/#\/schema\/logo\/image\/"}}]}},"_links":{"self":[{"href":"https:\/\/www.hissforbundet.se\/en\/wp-json\/wp\/v2\/pages\/455"}],"collection":[{"href":"https:\/\/www.hissforbundet.se\/en\/wp-json\/wp\/v2\/pages"}],"about":[{"href":"https:\/\/www.hissforbundet.se\/en\/wp-json\/wp\/v2\/types\/page"}],"author":[{"embeddable":true,"href":"https:\/\/www.hissforbundet.se\/en\/wp-json\/wp\/v2\/users\/1"}],"replies":[{"embeddable":true,"href":"https:\/\/www.hissforbundet.se\/en\/wp-json\/wp\/v2\/comments?post=455"}],"version-history":[{"count":61,"href":"https:\/\/www.hissforbundet.se\/en\/wp-json\/wp\/v2\/pages\/455\/revisions"}],"predecessor-version":[{"id":2559,"href":"https:\/\/www.hissforbundet.se\/en\/wp-json\/wp\/v2\/pages\/455\/revisions\/2559"}],"wp:attachment":[{"href":"https:\/\/www.hissforbundet.se\/en\/wp-json\/wp\/v2\/media?parent=455"}],"curies":[{"name":"wp","href":"https:\/\/api.w.org\/{rel}","templated":true}]}}