{"id":435,"date":"2024-01-16T10:50:31","date_gmt":"2024-01-16T10:50:31","guid":{"rendered":"https:\/\/hissforbundet.acrowd.se\/?page_id=435"},"modified":"2026-01-27T10:47:53","modified_gmt":"2026-01-27T08:47:53","slug":"styrelsen","status":"publish","type":"page","link":"https:\/\/www.hissforbundet.se\/en\/styrelsen\/","title":{"rendered":"Board of Directors"},"content":{"rendered":"<div style=\"height:100px\" aria-hidden=\"true\" class=\"wp-block-spacer\"><\/div>\n\n\n\n<h1 class=\"wp-block-heading alignwide has-x-large-font-size\">The Board of the Swedish Elevator Association<\/h1>\n\n\n<section  class=\"tebab-block-person_grid alignwide layout-small\">\n    <div class=\"contained\">\n        <div class=\"grid\">\n            <div class=\"person-card\">\n    \n            <div class=\"featured_image\">\n            <img loading=\"lazy\" decoding=\"async\" width=\"150\" height=\"150\" src=\"https:\/\/www.hissforbundet.se\/wp-content\/uploads\/2024\/01\/Daniel-Nyman-ordf-Hissforbundet-kalla-Motum-mindre-150x150.jpg\" class=\"attachment-thumbnail size-thumbnail\" alt=\"\" \/>        <\/div>\n    \n    <div class=\"content-wrapper\">\n        <div class=\"top\">\n                            <div class=\"title\">\n                    Ascenco                <\/div>\n                    <\/div>\n        \n        <h3>Daniel Nyman<\/h3>\n\n                    <div class=\"excerpt\">\n                Chairman of the Board, Swedish Elevator Association            <\/div>\n        \n        <div class=\"links\">\n            \n                            <a href=\"mailto:daniel.nyman@ascencogroup.com\">\n                    <div class=\"icon icon-envelope\"><\/div> daniel.nyman@ascencogroup.com                <\/a>\n                    <\/div>\n        \n    <\/div>\n<\/div><div class=\"person-card\">\n    \n            <div class=\"featured_image\">\n            <img loading=\"lazy\" decoding=\"async\" width=\"150\" height=\"150\" src=\"https:\/\/www.hissforbundet.se\/wp-content\/uploads\/2024\/01\/FredrikBodin1-150x150.jpeg\" class=\"attachment-thumbnail size-thumbnail\" alt=\"\" \/>        <\/div>\n    \n    <div class=\"content-wrapper\">\n        <div class=\"top\">\n                            <div class=\"title\">\n                    Motum AB                <\/div>\n                    <\/div>\n        \n        <h3>Fredrik Bodin<\/h3>\n\n                    <div class=\"excerpt\">\n                Board member            <\/div>\n        \n        <div class=\"links\">\n            \n                            <a href=\"mailto:fredrik.bodin@vingahiss.se\">\n                    <div class=\"icon icon-envelope\"><\/div> fredrik.bodin@vingahiss.se                <\/a>\n                    <\/div>\n        \n    <\/div>\n<\/div><div class=\"person-card\">\n    \n            <div class=\"featured_image\">\n            <img loading=\"lazy\" decoding=\"async\" width=\"150\" height=\"150\" src=\"https:\/\/www.hissforbundet.se\/wp-content\/uploads\/2024\/01\/LinkedIn-bild-150x150.jpeg\" class=\"attachment-thumbnail size-thumbnail\" alt=\"\" srcset=\"https:\/\/www.hissforbundet.se\/wp-content\/uploads\/2024\/01\/LinkedIn-bild-150x150.jpeg 150w, https:\/\/www.hissforbundet.se\/wp-content\/uploads\/2024\/01\/LinkedIn-bild-300x300.jpeg 300w, https:\/\/www.hissforbundet.se\/wp-content\/uploads\/2024\/01\/LinkedIn-bild-768x768.jpeg 768w, https:\/\/www.hissforbundet.se\/wp-content\/uploads\/2024\/01\/LinkedIn-bild.jpeg 800w\" sizes=\"(max-width: 150px) 100vw, 150px\" \/>        <\/div>\n    \n    <div class=\"content-wrapper\">\n        <div class=\"top\">\n                            <div class=\"title\">\n                    Aritco Lift                <\/div>\n                    <\/div>\n        \n        <h3>Ida Lindvall<\/h3>\n\n                    <div class=\"excerpt\">\n                Board member            <\/div>\n        \n        <div class=\"links\">\n            \n                            <a href=\"mailto:ida.lindvall@aritco.com\">\n                    <div class=\"icon icon-envelope\"><\/div> ida.lindvall@aritco.com                <\/a>\n                    <\/div>\n        \n    <\/div>\n<\/div><div class=\"person-card\">\n    \n            <div class=\"featured_image\">\n            <img loading=\"lazy\" decoding=\"async\" width=\"150\" height=\"150\" src=\"https:\/\/www.hissforbundet.se\/wp-content\/uploads\/2024\/01\/JohannaNygardhKONE-2-150x150.jpg\" class=\"attachment-thumbnail size-thumbnail\" alt=\"\" \/>        <\/div>\n    \n    <div class=\"content-wrapper\">\n        <div class=\"top\">\n                            <div class=\"title\">\n                    KONE AB                <\/div>\n                    <\/div>\n        \n        <h3>Johanna Nygardh<\/h3>\n\n                    <div class=\"excerpt\">\n                Board member            <\/div>\n        \n        <div class=\"links\">\n            \n                            <a href=\"mailto: johanna.nygardh@kone.com\">\n                    <div class=\"icon icon-envelope\"><\/div>  johanna.nygardh@kone.com                <\/a>\n                    <\/div>\n        \n    <\/div>\n<\/div><div class=\"person-card\">\n    \n            <div class=\"featured_image\">\n            <img loading=\"lazy\" decoding=\"async\" width=\"150\" height=\"150\" src=\"https:\/\/www.hissforbundet.se\/wp-content\/uploads\/2024\/01\/Erik-Paulsson-Hydroware-150x150.png\" class=\"attachment-thumbnail size-thumbnail\" alt=\"\" \/>        <\/div>\n    \n    <div class=\"content-wrapper\">\n        <div class=\"top\">\n                            <div class=\"title\">\n                    Hydroware                <\/div>\n                    <\/div>\n        \n        <h3>Erik Paulsson<\/h3>\n\n                    <div class=\"excerpt\">\n                Vice Chairman, Swedish Elevator Association            <\/div>\n        \n        <div class=\"links\">\n            \n                            <a href=\"mailto:erik.paulsson@hydroware.se\">\n                    <div class=\"icon icon-envelope\"><\/div> erik.paulsson@hydroware.se                <\/a>\n                    <\/div>\n        \n    <\/div>\n<\/div><div class=\"person-card\">\n    \n            <div class=\"featured_image\">\n            <img loading=\"lazy\" decoding=\"async\" width=\"150\" height=\"150\" src=\"https:\/\/www.hissforbundet.se\/wp-content\/uploads\/2024\/01\/Luis-Soler-portratt-mindre-150x150.png\" class=\"attachment-thumbnail size-thumbnail\" alt=\"\" \/>        <\/div>\n    \n    <div class=\"content-wrapper\">\n        <div class=\"top\">\n                            <div class=\"title\">\n                    Schindler Elevator                <\/div>\n                    <\/div>\n        \n        <h3>Luis Soler<\/h3>\n\n                    <div class=\"excerpt\">\n                Board member            <\/div>\n        \n        <div class=\"links\">\n            \n                            <a href=\"mailto:luis.soler@schindler.com\">\n                    <div class=\"icon icon-envelope\"><\/div> luis.soler@schindler.com                <\/a>\n                    <\/div>\n        \n    <\/div>\n<\/div><div class=\"person-card\">\n    \n            <div class=\"featured_image\">\n            <img loading=\"lazy\" decoding=\"async\" width=\"150\" height=\"150\" src=\"https:\/\/www.hissforbundet.se\/wp-content\/uploads\/2024\/01\/Portratt-Lst-OTIS-150x150.jpg\" class=\"attachment-thumbnail size-thumbnail\" alt=\"\" \/>        <\/div>\n    \n    <div class=\"content-wrapper\">\n        <div class=\"top\">\n                            <div class=\"title\">\n                    Otis                <\/div>\n                    <\/div>\n        \n        <h3>Lennart Stoltz<\/h3>\n\n                    <div class=\"excerpt\">\n                Board member            <\/div>\n        \n        <div class=\"links\">\n            \n                            <a href=\"mailto:lennart.stoltz@otis.com\">\n                    <div class=\"icon icon-envelope\"><\/div> lennart.stoltz@otis.com                <\/a>\n                    <\/div>\n        \n    <\/div>\n<\/div><div class=\"person-card\">\n    \n            <div class=\"featured_image\">\n            <img loading=\"lazy\" decoding=\"async\" width=\"150\" height=\"150\" src=\"https:\/\/www.hissforbundet.se\/wp-content\/uploads\/2026\/03\/Ozgur-Aren-CEO-MCNW-150x150.png\" class=\"attachment-thumbnail size-thumbnail\" alt=\"\u00d6zg\u00fcr Aren CEO MCNW\" srcset=\"https:\/\/www.hissforbundet.se\/wp-content\/uploads\/2026\/03\/Ozgur-Aren-CEO-MCNW-150x150.png 150w, https:\/\/www.hissforbundet.se\/wp-content\/uploads\/2026\/03\/Ozgur-Aren-CEO-MCNW-12x12.png 12w, https:\/\/www.hissforbundet.se\/wp-content\/uploads\/2026\/03\/Ozgur-Aren-CEO-MCNW.png 297w\" sizes=\"(max-width: 150px) 100vw, 150px\" \/>        <\/div>\n    \n    <div class=\"content-wrapper\">\n        <div class=\"top\">\n                            <div class=\"title\">\n                    TK Elevator Sweden                <\/div>\n                    <\/div>\n        \n        <h3>Ozgur Aren<\/h3>\n\n                    <div class=\"excerpt\">\n                Adjunct board member            <\/div>\n        \n        <div class=\"links\">\n            \n                            <a href=\"mailto:ozgur.aren@tkelevator.com\">\n                    <div class=\"icon icon-envelope\"><\/div> ozgur.aren@tkelevator.com                <\/a>\n                    <\/div>\n        \n    <\/div>\n<\/div>        <\/div>\n    <\/div>\n<\/section>\n\n\n<div style=\"height:100px\" aria-hidden=\"true\" class=\"wp-block-spacer\"><\/div>\n\n\n\n<h1 class=\"wp-block-heading alignwide\">The Swedish Elevator Association&#039;s Nomination Committee<\/h1>\n\n\n\n<div style=\"height:40px\" aria-hidden=\"true\" class=\"wp-block-spacer\"><\/div>\n\n\n<section  class=\"tebab-block-person_grid alignwide layout-small\">\n    <div class=\"contained\">\n        <div class=\"grid\">\n            <div class=\"person-card\">\n    \n            <div class=\"featured_image\">\n            <img loading=\"lazy\" decoding=\"async\" width=\"150\" height=\"150\" src=\"https:\/\/www.hissforbundet.se\/wp-content\/uploads\/2024\/01\/AkeCarlsson-150x150.jpeg\" class=\"attachment-thumbnail size-thumbnail\" alt=\"\" \/>        <\/div>\n    \n    <div class=\"content-wrapper\">\n        <div class=\"top\">\n                            <div class=\"title\">\n                    Safeline                <\/div>\n                    <\/div>\n        \n        <h3>Ake Carlsson<\/h3>\n\n                    <div class=\"excerpt\">\n                Nomination Committee            <\/div>\n        \n        <div class=\"links\">\n            \n                            <a href=\"mailto:ake@rehse.se\">\n                    <div class=\"icon icon-envelope\"><\/div> ake@rehse.se                <\/a>\n                    <\/div>\n        \n    <\/div>\n<\/div>        <\/div>\n    <\/div>\n<\/section>\n\n\n<div style=\"height:100px\" aria-hidden=\"true\" class=\"wp-block-spacer\"><\/div>","protected":false},"excerpt":{"rendered":"<p>Hissf\u00f6rbundets styrelse Hissf\u00f6rbundets valberedning<\/p>","protected":false},"author":1,"featured_media":0,"parent":0,"menu_order":0,"comment_status":"closed","ping_status":"closed","template":"","meta":{"footnotes":""},"acf":[],"yoast_head":"<!-- This site is optimized with the Yoast SEO plugin v22.7 - https:\/\/yoast.com\/wordpress\/plugins\/seo\/ -->\n<title>Styrelsen - Hissf\u00f6rbundet<\/title>\n<meta name=\"robots\" content=\"index, follow, max-snippet:-1, max-image-preview:large, max-video-preview:-1\" \/>\n<link rel=\"canonical\" href=\"https:\/\/www.hissforbundet.se\/en\/styrelsen\/\" \/>\n<meta property=\"og:locale\" content=\"en_US\" \/>\n<meta property=\"og:type\" content=\"article\" \/>\n<meta property=\"og:title\" content=\"Styrelsen - Hissf\u00f6rbundet\" \/>\n<meta property=\"og:description\" content=\"Hissf\u00f6rbundets styrelse Hissf\u00f6rbundets valberedning\" \/>\n<meta property=\"og:url\" content=\"https:\/\/www.hissforbundet.se\/en\/styrelsen\/\" \/>\n<meta property=\"og:site_name\" content=\"Hissf\u00f6rbundet\" \/>\n<meta property=\"article:modified_time\" content=\"2026-01-27T08:47:53+00:00\" \/>\n<meta name=\"twitter:card\" content=\"summary_large_image\" \/>\n<meta name=\"twitter:label1\" content=\"Est. reading time\" \/>\n\t<meta name=\"twitter:data1\" content=\"1 minute\" \/>\n<script type=\"application\/ld+json\" class=\"yoast-schema-graph\">{\"@context\":\"https:\/\/schema.org\",\"@graph\":[{\"@type\":\"WebPage\",\"@id\":\"https:\/\/www.hissforbundet.se\/styrelsen\/\",\"url\":\"https:\/\/www.hissforbundet.se\/styrelsen\/\",\"name\":\"Styrelsen - Hissf\u00f6rbundet\",\"isPartOf\":{\"@id\":\"https:\/\/www.hissforbundet.se\/#website\"},\"datePublished\":\"2024-01-16T10:50:31+00:00\",\"dateModified\":\"2026-01-27T08:47:53+00:00\",\"breadcrumb\":{\"@id\":\"https:\/\/www.hissforbundet.se\/styrelsen\/#breadcrumb\"},\"inLanguage\":\"en-US\",\"potentialAction\":[{\"@type\":\"ReadAction\",\"target\":[\"https:\/\/www.hissforbundet.se\/styrelsen\/\"]}]},{\"@type\":\"BreadcrumbList\",\"@id\":\"https:\/\/www.hissforbundet.se\/styrelsen\/#breadcrumb\",\"itemListElement\":[{\"@type\":\"ListItem\",\"position\":1,\"name\":\"Home\",\"item\":\"https:\/\/www.hissforbundet.se\/\"},{\"@type\":\"ListItem\",\"position\":2,\"name\":\"Styrelsen\"}]},{\"@type\":\"WebSite\",\"@id\":\"https:\/\/www.hissforbundet.se\/#website\",\"url\":\"https:\/\/www.hissforbundet.se\/\",\"name\":\"Hissf\u00f6rbundet\",\"description\":\"H\u00f6jd s\u00e4kerhet och \u00f6kad levnadsstandard\",\"publisher\":{\"@id\":\"https:\/\/www.hissforbundet.se\/#organization\"},\"potentialAction\":[{\"@type\":\"SearchAction\",\"target\":{\"@type\":\"EntryPoint\",\"urlTemplate\":\"https:\/\/www.hissforbundet.se\/?s={search_term_string}\"},\"query-input\":\"required name=search_term_string\"}],\"inLanguage\":\"en-US\"},{\"@type\":\"Organization\",\"@id\":\"https:\/\/www.hissforbundet.se\/#organization\",\"name\":\"Hissf\u00f6rbundet\",\"url\":\"https:\/\/www.hissforbundet.se\/\",\"logo\":{\"@type\":\"ImageObject\",\"inLanguage\":\"en-US\",\"@id\":\"https:\/\/www.hissforbundet.se\/#\/schema\/logo\/image\/\",\"url\":\"https:\/\/www.hissforbundet.se\/wp-content\/uploads\/2023\/11\/Hissforbundet-logotyp.png\",\"contentUrl\":\"https:\/\/www.hissforbundet.se\/wp-content\/uploads\/2023\/11\/Hissforbundet-logotyp.png\",\"width\":3543,\"height\":469,\"caption\":\"Hissf\u00f6rbundet\"},\"image\":{\"@id\":\"https:\/\/www.hissforbundet.se\/#\/schema\/logo\/image\/\"}}]}<\/script>\n<!-- \/ Yoast SEO plugin. -->","yoast_head_json":{"title":"Styrelsen - Hissf\u00f6rbundet","robots":{"index":"index","follow":"follow","max-snippet":"max-snippet:-1","max-image-preview":"max-image-preview:large","max-video-preview":"max-video-preview:-1"},"canonical":"https:\/\/www.hissforbundet.se\/en\/styrelsen\/","og_locale":"en_US","og_type":"article","og_title":"Styrelsen - Hissf\u00f6rbundet","og_description":"Hissf\u00f6rbundets styrelse Hissf\u00f6rbundets valberedning","og_url":"https:\/\/www.hissforbundet.se\/en\/styrelsen\/","og_site_name":"Hissf\u00f6rbundet","article_modified_time":"2026-01-27T08:47:53+00:00","twitter_card":"summary_large_image","twitter_misc":{"Est. reading time":"1 minute"},"schema":{"@context":"https:\/\/schema.org","@graph":[{"@type":"WebPage","@id":"https:\/\/www.hissforbundet.se\/styrelsen\/","url":"https:\/\/www.hissforbundet.se\/styrelsen\/","name":"Styrelsen - Hissf\u00f6rbundet","isPartOf":{"@id":"https:\/\/www.hissforbundet.se\/#website"},"datePublished":"2024-01-16T10:50:31+00:00","dateModified":"2026-01-27T08:47:53+00:00","breadcrumb":{"@id":"https:\/\/www.hissforbundet.se\/styrelsen\/#breadcrumb"},"inLanguage":"en-US","potentialAction":[{"@type":"ReadAction","target":["https:\/\/www.hissforbundet.se\/styrelsen\/"]}]},{"@type":"BreadcrumbList","@id":"https:\/\/www.hissforbundet.se\/styrelsen\/#breadcrumb","itemListElement":[{"@type":"ListItem","position":1,"name":"Home","item":"https:\/\/www.hissforbundet.se\/"},{"@type":"ListItem","position":2,"name":"Styrelsen"}]},{"@type":"WebSite","@id":"https:\/\/www.hissforbundet.se\/#website","url":"https:\/\/www.hissforbundet.se\/","name":"The Elevator Association","description":"Increased security and increased standard of living","publisher":{"@id":"https:\/\/www.hissforbundet.se\/#organization"},"potentialAction":[{"@type":"SearchAction","target":{"@type":"EntryPoint","urlTemplate":"https:\/\/www.hissforbundet.se\/?s={search_term_string}"},"query-input":"required name=search_term_string"}],"inLanguage":"en-US"},{"@type":"Organization","@id":"https:\/\/www.hissforbundet.se\/#organization","name":"The Elevator Association","url":"https:\/\/www.hissforbundet.se\/","logo":{"@type":"ImageObject","inLanguage":"en-US","@id":"https:\/\/www.hissforbundet.se\/#\/schema\/logo\/image\/","url":"https:\/\/www.hissforbundet.se\/wp-content\/uploads\/2023\/11\/Hissforbundet-logotyp.png","contentUrl":"https:\/\/www.hissforbundet.se\/wp-content\/uploads\/2023\/11\/Hissforbundet-logotyp.png","width":3543,"height":469,"caption":"Hissf\u00f6rbundet"},"image":{"@id":"https:\/\/www.hissforbundet.se\/#\/schema\/logo\/image\/"}}]}},"_links":{"self":[{"href":"https:\/\/www.hissforbundet.se\/en\/wp-json\/wp\/v2\/pages\/435"}],"collection":[{"href":"https:\/\/www.hissforbundet.se\/en\/wp-json\/wp\/v2\/pages"}],"about":[{"href":"https:\/\/www.hissforbundet.se\/en\/wp-json\/wp\/v2\/types\/page"}],"author":[{"embeddable":true,"href":"https:\/\/www.hissforbundet.se\/en\/wp-json\/wp\/v2\/users\/1"}],"replies":[{"embeddable":true,"href":"https:\/\/www.hissforbundet.se\/en\/wp-json\/wp\/v2\/comments?post=435"}],"version-history":[{"count":20,"href":"https:\/\/www.hissforbundet.se\/en\/wp-json\/wp\/v2\/pages\/435\/revisions"}],"predecessor-version":[{"id":2643,"href":"https:\/\/www.hissforbundet.se\/en\/wp-json\/wp\/v2\/pages\/435\/revisions\/2643"}],"wp:attachment":[{"href":"https:\/\/www.hissforbundet.se\/en\/wp-json\/wp\/v2\/media?parent=435"}],"curies":[{"name":"wp","href":"https:\/\/api.w.org\/{rel}","templated":true}]}}