{"id":380,"date":"2024-01-15T19:29:26","date_gmt":"2024-01-15T19:29:26","guid":{"rendered":"https:\/\/hissforbundet.acrowd.se\/?page_id=380"},"modified":"2025-11-24T17:27:01","modified_gmt":"2025-11-24T15:27:01","slug":"om-oss","status":"publish","type":"page","link":"https:\/\/www.hissforbundet.se\/en\/om-oss\/","title":{"rendered":"About the Swedish Elevator Association"},"content":{"rendered":"<section  class=\"tebab-block-hero alignfull\" style=\"--heading-color: #4b8441;\">\n\n    <img loading=\"lazy\" decoding=\"async\" width=\"1000\" height=\"667\" src=\"https:\/\/www.hissforbundet.se\/wp-content\/uploads\/2024\/03\/shutterstock_2376547335-1.png\" class=\"attachment-landscape size-landscape\" alt=\"\" srcset=\"https:\/\/www.hissforbundet.se\/wp-content\/uploads\/2024\/03\/shutterstock_2376547335-1.png 1000w, https:\/\/www.hissforbundet.se\/wp-content\/uploads\/2024\/03\/shutterstock_2376547335-1-300x200.png 300w, https:\/\/www.hissforbundet.se\/wp-content\/uploads\/2024\/03\/shutterstock_2376547335-1-768x512.png 768w\" sizes=\"(max-width: 1000px) 100vw, 1000px\" \/>\n    <div class=\"contained\">\n                <h1 class=\"tebab-block-hero__heading\">\n            About the Swedish Elevator Association        <\/h1>\n\n            <\/div>\n<\/section>\n\n\n<div style=\"height:var(--wp--preset--spacing--80)\" aria-hidden=\"true\" class=\"wp-block-spacer\"><\/div>\n\n\n\n<div class=\"wp-block-columns alignwide is-layout-flex wp-container-core-columns-is-layout-1 wp-block-columns-is-layout-flex\">\n<div class=\"wp-block-column is-layout-flow wp-block-column-is-layout-flow\" style=\"flex-basis:100%\">\n<div class=\"wp-block-group is-layout-constrained wp-block-group-is-layout-constrained\">\n<h2 class=\"wp-block-heading has-large-font-size\"><strong>Increased security and increased standard of living<\/strong>.<\/h2>\n<\/div>\n<\/div>\n\n\n\n<div class=\"wp-block-column is-layout-flow wp-block-column-is-layout-flow\" style=\"flex-basis:100%\">\n<div class=\"wp-block-group is-layout-constrained wp-block-group-is-layout-constrained\">\n<p>The Swedish Association of Lifts and Escalators, Hissf\u00f6rbundet, has been the Swedish trade association for companies that manufacture, install and maintain elevators and escalators since 1992. The member companies represent over 80% of the Swedish industry.<\/p>\n\n\n\n<p>The most important work takes place within the Technology and Safety Committee, the Communications Committee, the Education Committee and the management group for the YH education in Tumba.<\/p>\n\n\n\n<p>The Swedish Lift Association collaborates with authorities, inspection bodies and customers to carefully interpret and influence updates to technical regulations that affect the installation, maintenance and supervision of lifts and escalators. We are a reference body for Swedish authorities and through the European Lift Association (ELA) we also contribute actively at European level. Our commitment also includes participating in the public debate, where we inform politicians and the public about relevant issues within our sector.<\/p>\n\n\n\n<p>All activities in the association are carried out in accordance with the Code of Conduct established by the European Lift Association (ELA).<\/p>\n<\/div>\n<\/div>\n<\/div>\n\n\n\n<div style=\"height:var(--wp--preset--spacing--80)\" aria-hidden=\"true\" class=\"wp-block-spacer\"><\/div>\n\n\n<section  class=\"tebab-block-split_screen alignfull image_alignment-right\">\n    <div class=\"contained\">\n        <div class=\"tebab-block-split_screen__image-wrapper\">\n            <img loading=\"lazy\" decoding=\"async\" width=\"1000\" height=\"667\" src=\"https:\/\/www.hissforbundet.se\/wp-content\/uploads\/2024\/02\/shutterstock_1448467451.jpg\" class=\"attachment-landscape size-landscape\" alt=\"\" srcset=\"https:\/\/www.hissforbundet.se\/wp-content\/uploads\/2024\/02\/shutterstock_1448467451.jpg 1000w, https:\/\/www.hissforbundet.se\/wp-content\/uploads\/2024\/02\/shutterstock_1448467451-300x200.jpg 300w, https:\/\/www.hissforbundet.se\/wp-content\/uploads\/2024\/02\/shutterstock_1448467451-768x512.jpg 768w\" sizes=\"(max-width: 1000px) 100vw, 1000px\" \/>        <\/div>\n\n        <div class=\"tebab-block-split_screen__content-wrapper\">\n            <h1><strong>Knowledge of elevators and escalators<\/strong><\/h1>\n<p>The Swedish Elevator Association shares knowledge about elevators and escalators and works for high safety, high quality and high technical standards within the industry. Elevators and escalators are important means of transport that simplify our everyday lives and increase accessibility in our homes, at work and in our public environments.<\/p>\n<p>&nbsp;<\/p>\n\n                            <div class=\"tebab-block-split_screen__buttons\">\n                                            <a href=\"https:\/\/www.hissforbundet.se\/en\/kunskapsbank\/\" class=\"button primary\" target=\"\" rel=\"noreferrer\">To the knowledge bank<\/a>\n                                    <\/div>\n            \n        <\/div>\n    <\/div>\n<\/section>\n\n\n<div style=\"height:var(--wp--preset--spacing--80)\" aria-hidden=\"true\" class=\"wp-block-spacer\"><\/div>\n\n\n\n<div class=\"wp-block-group alignwide tebab-form-image is-content-justification-left is-nowrap is-layout-flex wp-container-core-group-is-layout-4 wp-block-group-is-layout-flex\">\n<figure class=\"wp-block-image size-full is-resized is-style-rounded\"><img loading=\"lazy\" decoding=\"async\" width=\"1000\" height=\"667\" src=\"https:\/\/www.hissforbundet.se\/wp-content\/uploads\/2024\/03\/shutterstock_1408220747.jpg\" alt=\"\" class=\"wp-image-1068\" style=\"aspect-ratio:1;object-fit:cover;width:696px;height:auto\" srcset=\"https:\/\/www.hissforbundet.se\/wp-content\/uploads\/2024\/03\/shutterstock_1408220747.jpg 1000w, https:\/\/www.hissforbundet.se\/wp-content\/uploads\/2024\/03\/shutterstock_1408220747-300x200.jpg 300w, https:\/\/www.hissforbundet.se\/wp-content\/uploads\/2024\/03\/shutterstock_1408220747-768x512.jpg 768w\" sizes=\"(max-width: 1000px) 100vw, 1000px\" \/><\/figure>\n\n\n\n<div class=\"wp-block-group tebab-form-image__content has-white-background-color has-background wp-container-content-1 is-layout-flow wp-block-group-is-layout-flow\">\n<h2 class=\"wp-block-heading\">The elevator industry in the media<\/h2>\n\n\n<ul class=\"has-dates has-authors wp-block-rss\"><li class='wp-block-rss__item'><div class='wp-block-rss__item-title'><a href='https:\/\/nogo.retriever-info.com\/prod?a=81986&#038;c=2013884&#038;d=00786320260427_35149_65266&#038;di=447586&#038;ext_feed=1&#038;p=2005283&#038;s=7863&#038;sa=2046509&#038;tz=Europe%2FStockholm&#038;x=ea2c2c3714e7efcd6712e3caadf87b63'>D\u00e4rf\u00f6r st\u00e5r rulltrappan ofta still i Alvik<\/a><\/div><time datetime=\"2026-04-27T04:05:49+00:00\" class=\"wp-block-rss__item-publish-date\">27 April 2026<\/time> <span class=\"wp-block-rss__item-author\">by Lokaltidningen Mitt i<\/span><\/li><li class='wp-block-rss__item'><div class='wp-block-rss__item-title'><a href='https:\/\/nogo.retriever-info.com\/prod?a=81986&#038;c=2013884&#038;d=05088220260425d986947a68f588f9fe39&#038;di=447586&#038;ext_feed=1&#038;p=2005283&#038;s=50882&#038;sa=2046509&#038;tz=Europe%2FStockholm&#038;x=f1d37d22dd09fffe4c1112e2d0679896'>Warning for walkers on escalators<\/a><\/div><time datetime=\"2026-04-25T01:00:00+00:00\" class=\"wp-block-rss__item-publish-date\">April 25, 2026<\/time> <span class=\"wp-block-rss__item-author\">by Mitt i S\u00f6dermalm<\/span><\/li><li class='wp-block-rss__item'><div class='wp-block-rss__item-title'><a href='https:\/\/nogo.retriever-info.com\/prod?a=81986&#038;c=2013884&#038;d=050870202604259b7bd3716e6ee74bd9ef&#038;di=447586&#038;ext_feed=1&#038;p=2005283&#038;s=50870&#038;sa=2046509&#038;tz=Europe%2FStockholm&#038;x=2c3cedeccd4e347090c14ea16eeeb21c'>This is why the escalator in Alvik is often at a standstill<\/a><\/div><time datetime=\"2026-04-25T01:00:00+00:00\" class=\"wp-block-rss__item-publish-date\">April 25, 2026<\/time> <span class=\"wp-block-rss__item-author\">by Mitt i Bromma<\/span><\/li><li class='wp-block-rss__item'><div class='wp-block-rss__item-title'><a href='https:\/\/nogo.retriever-info.com\/prod?a=81986&#038;c=2013884&#038;d=00027620260423_3581_153206&#038;di=447586&#038;ext_feed=1&#038;p=2005283&#038;s=276&#038;sa=2046509&#038;tz=Europe%2FStockholm&#038;x=9e0c20cf2019c1836cb35014325c3714'>Assassin&#039;s Creed: Black Flag Resynced releases on July 9th \u2013 complete with $2,000 collector&#039;s edition<\/a><\/div><time datetime=\"2026-04-23T16:15:46+00:00\" class=\"wp-block-rss__item-publish-date\">April 23, 2026<\/time> <span class=\"wp-block-rss__item-author\">by GameReactor<\/span><\/li><li class='wp-block-rss__item'><div class='wp-block-rss__item-title'><a href='https:\/\/nogo.retriever-info.com\/prod?a=81986&#038;c=2013884&#038;d=050866202604223ceeea0bd385204ffee4&#038;di=447586&#038;ext_feed=1&#038;p=2005283&#038;s=50866&#038;sa=2046509&#038;tz=Europe%2FStockholm&#038;x=893dcacc4028fcfd986e4ae60bae4e9e'>Elevator had to be shut down after smoke developed<\/a><\/div><time datetime=\"2026-04-22T01:00:00+00:00\" class=\"wp-block-rss__item-publish-date\">April 22, 2026<\/time> <span class=\"wp-block-rss__item-author\">by Norrbottens-Kuriren<\/span><\/li><\/ul><\/div>\n<\/div>\n\n\n\n<div style=\"height:100px\" aria-hidden=\"true\" class=\"wp-block-spacer\"><\/div>","protected":false},"excerpt":{"rendered":"<p>Increased safety and increased standard of living. The Swedish Association of Lifts and Escalators, Hissf\u00f6rbundet, has been the Swedish trade association for companies that manufacture, install and maintain elevators and escalators since 1992. The member companies represent over 80% of the Swedish industry. The most important work takes place within the Technology and Safety Committee, the Communications Committee, the Education Committee and the management group for the YH education in Tumba. The Hissf\u00f6rbundet collaborates [\u2026]<\/p>","protected":false},"author":1,"featured_media":0,"parent":0,"menu_order":0,"comment_status":"closed","ping_status":"closed","template":"","meta":{"footnotes":""},"acf":[],"yoast_head":"<!-- This site is optimized with the Yoast SEO plugin v22.7 - https:\/\/yoast.com\/wordpress\/plugins\/seo\/ -->\n<title>Om Hissf\u00f6rbundet - Hissf\u00f6rbundet<\/title>\n<meta name=\"robots\" content=\"index, follow, max-snippet:-1, max-image-preview:large, max-video-preview:-1\" \/>\n<link rel=\"canonical\" href=\"https:\/\/www.hissforbundet.se\/en\/om-oss\/\" \/>\n<meta property=\"og:locale\" content=\"en_US\" \/>\n<meta property=\"og:type\" content=\"article\" \/>\n<meta property=\"og:title\" content=\"Om Hissf\u00f6rbundet - Hissf\u00f6rbundet\" \/>\n<meta property=\"og:description\" content=\"H\u00f6jd s\u00e4kerhet och \u00f6kad levnadsstandard. Hissf\u00f6rbundet, the Swedish Association of Lifts and Escalators, \u00e4r sedan 1992 den svenska branschf\u00f6reningen f\u00f6r f\u00f6retag som tillverkar, monterar och underh\u00e5ller hissar och rulltrappor. Medlemsf\u00f6retagen representerar \u00f6ver 80% av den svenska branschen. Det viktigaste arbetet sker inom Teknik- och S\u00e4kerhetskommitt\u00e9n, Kommunikationskommitt\u00e9n, Utbildningskommitt\u00e9n och ledningsgruppen f\u00f6r YH-utbildningen i Tumba. Hissf\u00f6rbundet samverkar [&hellip;]\" \/>\n<meta property=\"og:url\" content=\"https:\/\/www.hissforbundet.se\/en\/om-oss\/\" \/>\n<meta property=\"og:site_name\" content=\"Hissf\u00f6rbundet\" \/>\n<meta property=\"article:modified_time\" content=\"2025-11-24T15:27:01+00:00\" \/>\n<meta property=\"og:image\" content=\"https:\/\/www.hissforbundet.se\/wp-content\/uploads\/2024\/03\/shutterstock_1408220747.jpg\" \/>\n<meta name=\"twitter:card\" content=\"summary_large_image\" \/>\n<meta name=\"twitter:label1\" content=\"Est. reading time\" \/>\n\t<meta name=\"twitter:data1\" content=\"1 minute\" \/>\n<script type=\"application\/ld+json\" class=\"yoast-schema-graph\">{\"@context\":\"https:\/\/schema.org\",\"@graph\":[{\"@type\":\"WebPage\",\"@id\":\"https:\/\/www.hissforbundet.se\/om-oss\/\",\"url\":\"https:\/\/www.hissforbundet.se\/om-oss\/\",\"name\":\"Om Hissf\u00f6rbundet - Hissf\u00f6rbundet\",\"isPartOf\":{\"@id\":\"https:\/\/www.hissforbundet.se\/#website\"},\"primaryImageOfPage\":{\"@id\":\"https:\/\/www.hissforbundet.se\/om-oss\/#primaryimage\"},\"image\":{\"@id\":\"https:\/\/www.hissforbundet.se\/om-oss\/#primaryimage\"},\"thumbnailUrl\":\"https:\/\/www.hissforbundet.se\/wp-content\/uploads\/2024\/03\/shutterstock_1408220747.jpg\",\"datePublished\":\"2024-01-15T19:29:26+00:00\",\"dateModified\":\"2025-11-24T15:27:01+00:00\",\"breadcrumb\":{\"@id\":\"https:\/\/www.hissforbundet.se\/om-oss\/#breadcrumb\"},\"inLanguage\":\"en-US\",\"potentialAction\":[{\"@type\":\"ReadAction\",\"target\":[\"https:\/\/www.hissforbundet.se\/om-oss\/\"]}]},{\"@type\":\"ImageObject\",\"inLanguage\":\"en-US\",\"@id\":\"https:\/\/www.hissforbundet.se\/om-oss\/#primaryimage\",\"url\":\"https:\/\/www.hissforbundet.se\/wp-content\/uploads\/2024\/03\/shutterstock_1408220747.jpg\",\"contentUrl\":\"https:\/\/www.hissforbundet.se\/wp-content\/uploads\/2024\/03\/shutterstock_1408220747.jpg\"},{\"@type\":\"BreadcrumbList\",\"@id\":\"https:\/\/www.hissforbundet.se\/om-oss\/#breadcrumb\",\"itemListElement\":[{\"@type\":\"ListItem\",\"position\":1,\"name\":\"Home\",\"item\":\"https:\/\/www.hissforbundet.se\/\"},{\"@type\":\"ListItem\",\"position\":2,\"name\":\"Om Hissf\u00f6rbundet\"}]},{\"@type\":\"WebSite\",\"@id\":\"https:\/\/www.hissforbundet.se\/#website\",\"url\":\"https:\/\/www.hissforbundet.se\/\",\"name\":\"Hissf\u00f6rbundet\",\"description\":\"H\u00f6jd s\u00e4kerhet och \u00f6kad levnadsstandard\",\"publisher\":{\"@id\":\"https:\/\/www.hissforbundet.se\/#organization\"},\"potentialAction\":[{\"@type\":\"SearchAction\",\"target\":{\"@type\":\"EntryPoint\",\"urlTemplate\":\"https:\/\/www.hissforbundet.se\/?s={search_term_string}\"},\"query-input\":\"required name=search_term_string\"}],\"inLanguage\":\"en-US\"},{\"@type\":\"Organization\",\"@id\":\"https:\/\/www.hissforbundet.se\/#organization\",\"name\":\"Hissf\u00f6rbundet\",\"url\":\"https:\/\/www.hissforbundet.se\/\",\"logo\":{\"@type\":\"ImageObject\",\"inLanguage\":\"en-US\",\"@id\":\"https:\/\/www.hissforbundet.se\/#\/schema\/logo\/image\/\",\"url\":\"https:\/\/www.hissforbundet.se\/wp-content\/uploads\/2023\/11\/Hissforbundet-logotyp.png\",\"contentUrl\":\"https:\/\/www.hissforbundet.se\/wp-content\/uploads\/2023\/11\/Hissforbundet-logotyp.png\",\"width\":3543,\"height\":469,\"caption\":\"Hissf\u00f6rbundet\"},\"image\":{\"@id\":\"https:\/\/www.hissforbundet.se\/#\/schema\/logo\/image\/\"}}]}<\/script>\n<!-- \/ Yoast SEO plugin. -->","yoast_head_json":{"title":"About the Swedish Elevator Association - The Swedish Elevator Association","robots":{"index":"index","follow":"follow","max-snippet":"max-snippet:-1","max-image-preview":"max-image-preview:large","max-video-preview":"max-video-preview:-1"},"canonical":"https:\/\/www.hissforbundet.se\/en\/om-oss\/","og_locale":"en_US","og_type":"article","og_title":"Om Hissf\u00f6rbundet - Hissf\u00f6rbundet","og_description":"H\u00f6jd s\u00e4kerhet och \u00f6kad levnadsstandard. Hissf\u00f6rbundet, the Swedish Association of Lifts and Escalators, \u00e4r sedan 1992 den svenska branschf\u00f6reningen f\u00f6r f\u00f6retag som tillverkar, monterar och underh\u00e5ller hissar och rulltrappor. Medlemsf\u00f6retagen representerar \u00f6ver 80% av den svenska branschen. Det viktigaste arbetet sker inom Teknik- och S\u00e4kerhetskommitt\u00e9n, Kommunikationskommitt\u00e9n, Utbildningskommitt\u00e9n och ledningsgruppen f\u00f6r YH-utbildningen i Tumba. Hissf\u00f6rbundet samverkar [&hellip;]","og_url":"https:\/\/www.hissforbundet.se\/en\/om-oss\/","og_site_name":"Hissf\u00f6rbundet","article_modified_time":"2025-11-24T15:27:01+00:00","og_image":[{"url":"https:\/\/www.hissforbundet.se\/wp-content\/uploads\/2024\/03\/shutterstock_1408220747.jpg"}],"twitter_card":"summary_large_image","twitter_misc":{"Est. reading time":"1 minute"},"schema":{"@context":"https:\/\/schema.org","@graph":[{"@type":"WebPage","@id":"https:\/\/www.hissforbundet.se\/om-oss\/","url":"https:\/\/www.hissforbundet.se\/om-oss\/","name":"About the Swedish Elevator Association - The Swedish Elevator Association","isPartOf":{"@id":"https:\/\/www.hissforbundet.se\/#website"},"primaryImageOfPage":{"@id":"https:\/\/www.hissforbundet.se\/om-oss\/#primaryimage"},"image":{"@id":"https:\/\/www.hissforbundet.se\/om-oss\/#primaryimage"},"thumbnailUrl":"https:\/\/www.hissforbundet.se\/wp-content\/uploads\/2024\/03\/shutterstock_1408220747.jpg","datePublished":"2024-01-15T19:29:26+00:00","dateModified":"2025-11-24T15:27:01+00:00","breadcrumb":{"@id":"https:\/\/www.hissforbundet.se\/om-oss\/#breadcrumb"},"inLanguage":"en-US","potentialAction":[{"@type":"ReadAction","target":["https:\/\/www.hissforbundet.se\/om-oss\/"]}]},{"@type":"ImageObject","inLanguage":"en-US","@id":"https:\/\/www.hissforbundet.se\/om-oss\/#primaryimage","url":"https:\/\/www.hissforbundet.se\/wp-content\/uploads\/2024\/03\/shutterstock_1408220747.jpg","contentUrl":"https:\/\/www.hissforbundet.se\/wp-content\/uploads\/2024\/03\/shutterstock_1408220747.jpg"},{"@type":"BreadcrumbList","@id":"https:\/\/www.hissforbundet.se\/om-oss\/#breadcrumb","itemListElement":[{"@type":"ListItem","position":1,"name":"Home","item":"https:\/\/www.hissforbundet.se\/"},{"@type":"ListItem","position":2,"name":"Om Hissf\u00f6rbundet"}]},{"@type":"WebSite","@id":"https:\/\/www.hissforbundet.se\/#website","url":"https:\/\/www.hissforbundet.se\/","name":"The Elevator Association","description":"Increased security and increased standard of living","publisher":{"@id":"https:\/\/www.hissforbundet.se\/#organization"},"potentialAction":[{"@type":"SearchAction","target":{"@type":"EntryPoint","urlTemplate":"https:\/\/www.hissforbundet.se\/?s={search_term_string}"},"query-input":"required name=search_term_string"}],"inLanguage":"en-US"},{"@type":"Organization","@id":"https:\/\/www.hissforbundet.se\/#organization","name":"The Elevator Association","url":"https:\/\/www.hissforbundet.se\/","logo":{"@type":"ImageObject","inLanguage":"en-US","@id":"https:\/\/www.hissforbundet.se\/#\/schema\/logo\/image\/","url":"https:\/\/www.hissforbundet.se\/wp-content\/uploads\/2023\/11\/Hissforbundet-logotyp.png","contentUrl":"https:\/\/www.hissforbundet.se\/wp-content\/uploads\/2023\/11\/Hissforbundet-logotyp.png","width":3543,"height":469,"caption":"Hissf\u00f6rbundet"},"image":{"@id":"https:\/\/www.hissforbundet.se\/#\/schema\/logo\/image\/"}}]}},"_links":{"self":[{"href":"https:\/\/www.hissforbundet.se\/en\/wp-json\/wp\/v2\/pages\/380"}],"collection":[{"href":"https:\/\/www.hissforbundet.se\/en\/wp-json\/wp\/v2\/pages"}],"about":[{"href":"https:\/\/www.hissforbundet.se\/en\/wp-json\/wp\/v2\/types\/page"}],"author":[{"embeddable":true,"href":"https:\/\/www.hissforbundet.se\/en\/wp-json\/wp\/v2\/users\/1"}],"replies":[{"embeddable":true,"href":"https:\/\/www.hissforbundet.se\/en\/wp-json\/wp\/v2\/comments?post=380"}],"version-history":[{"count":46,"href":"https:\/\/www.hissforbundet.se\/en\/wp-json\/wp\/v2\/pages\/380\/revisions"}],"predecessor-version":[{"id":2424,"href":"https:\/\/www.hissforbundet.se\/en\/wp-json\/wp\/v2\/pages\/380\/revisions\/2424"}],"wp:attachment":[{"href":"https:\/\/www.hissforbundet.se\/en\/wp-json\/wp\/v2\/media?parent=380"}],"curies":[{"name":"wp","href":"https:\/\/api.w.org\/{rel}","templated":true}]}}